{"id":4740,"date":"2021-04-26T08:47:28","date_gmt":"2021-04-26T06:47:28","guid":{"rendered":"https:\/\/cadiz.salesianos.edu\/formacionprofesional\/?page_id=4740"},"modified":"2024-07-08T09:47:36","modified_gmt":"2024-07-08T07:47:36","slug":"posibilidades","status":"publish","type":"page","link":"https:\/\/cadiz.salesianos.edu\/formacionprofesional\/posibilidades\/","title":{"rendered":"Un Mundo de Posiblidades"},"content":{"rendered":"<p>[et_pb_section fb_built=\u00bb1&#8243; fullwidth=\u00bbon\u00bb _builder_version=\u00bb4.16&#8243; global_colors_info=\u00bb{}\u00bb][et_pb_fullwidth_header title=\u00bb Un Mundo de Posiblidades\u00bb title_font_color=\u00bb#ffffff\u00bb module_class=\u00bbpagina-imagen-cabecera\u00bb _builder_version=\u00bb4.26.0&#8243; title_text_color=\u00bb#000000&#8243; title_font_size=\u00bb40px\u00bb background_color=\u00bbrgba(255, 255, 255, 0)\u00bb background_image=\u00bbhttps:\/\/inspectoria.salesianos.edu\/wp-content\/uploads\/2017\/09\/ImagenPAGINA.jpg\u00bb background_layout=\u00bblight\u00bb max_width_tablet=\u00bb50px\u00bb hover_enabled=\u00bb0&#8243; background_url=\u00bbhttps:\/\/alicante.salesianos.edu\/colegio\/wp-content\/uploads\/sites\/2\/2017\/03\/Archivo_003-1.jpeg\u00bb button_one_letter_spacing_hover=\u00bb0&#8243; button_two_letter_spacing_hover=\u00bb0&#8243; global_colors_info=\u00bb{}\u00bb button_one_text_size__hover_enabled=\u00bboff\u00bb button_two_text_size__hover_enabled=\u00bboff\u00bb button_one_text_color__hover_enabled=\u00bboff\u00bb button_two_text_color__hover_enabled=\u00bboff\u00bb button_one_border_width__hover_enabled=\u00bboff\u00bb button_two_border_width__hover_enabled=\u00bboff\u00bb button_one_border_color__hover_enabled=\u00bboff\u00bb button_two_border_color__hover_enabled=\u00bboff\u00bb button_one_border_radius__hover_enabled=\u00bboff\u00bb button_two_border_radius__hover_enabled=\u00bboff\u00bb button_one_letter_spacing__hover_enabled=\u00bbon\u00bb button_one_letter_spacing__hover=\u00bb0&#8243; button_two_letter_spacing__hover_enabled=\u00bbon\u00bb button_two_letter_spacing__hover=\u00bb0&#8243; button_one_bg_color__hover_enabled=\u00bboff\u00bb button_two_bg_color__hover_enabled=\u00bboff\u00bb title_font=\u00bbAclonica||||||||\u00bb sticky_enabled=\u00bb0&#8243;][\/et_pb_fullwidth_header][\/et_pb_section][et_pb_section fb_built=\u00bb1&#8243; module_class=\u00bbpagina-seccion-contenido\u00bb _builder_version=\u00bb4.16&#8243; custom_padding=\u00bb0px|0px||\u00bb global_colors_info=\u00bb{}\u00bb][et_pb_row column_structure=\u00bb1_2,1_2&#8243; module_class=\u00bbpagina-texto\u00bb _builder_version=\u00bb4.16&#8243; background_size=\u00bbinitial\u00bb background_position=\u00bbtop_left\u00bb background_repeat=\u00bbrepeat\u00bb custom_margin=\u00bb25px|||\u00bb custom_padding=\u00bb25px|||\u00bb global_colors_info=\u00bb{}\u00bb][et_pb_column type=\u00bb1_2&#8243; _builder_version=\u00bb4.16&#8243; custom_padding=\u00bb|||\u00bb global_colors_info=\u00bb{}\u00bb custom_padding__hover=\u00bb|||\u00bb][et_pb_testimonial author=\u00bbABP\u00bb portrait_url=\u00bbhttp:\/\/cadiz.salesianos.edu\/formacionprofesional\/wp-content\/uploads\/sites\/7\/2021\/04\/abp.png\u00bb _builder_version=\u00bb4.16&#8243; custom_padding=\u00bb40px|||\u00bb box_shadow_style=\u00bbpreset3&#8243; locked=\u00bboff\u00bb global_colors_info=\u00bb{}\u00bb]<\/p>\n<p style=\"text-align: justify;\"><em>Metodolog\u00eda de ense\u00f1anza-aprendizaje que potencia el esp\u00edritu cr\u00edtico y la autonom\u00eda de los estudiantes.<\/em><\/p>\n<p style=\"text-align: justify;\">La innovaci\u00f3n y la creatividad son esenciales en la <strong>Formaci\u00f3n Profesional<\/strong>. Venimos implementando proyectos de innovaci\u00f3n en la FP para adaptarnos a los nuevos alumnos que piden nuevas maneras de aprender de manera colaborativa y a las necesidades del mercado de trabajo. El <strong>Aprendizaje Basado en Proyectos<\/strong> aporta al alumnado la posibilidad de aprender de forma aut\u00f3noma unos conocimientos t\u00e9cnicos bas\u00e1ndose en la investigaci\u00f3n de soluciones a un problema o reto concreto. Esto supone un <strong>comportamiento activo<\/strong> puesto que los estudiantes tienen que buscar informaci\u00f3n, debatir propuestas, plantear soluciones, solventar errores\u2026<\/p>\n<p>[\/et_pb_testimonial][et_pb_testimonial author=\u00bbInnovaci\u00f3n y Emprendimiento\u00bb portrait_url=\u00bbhttp:\/\/cadiz.salesianos.edu\/formacionprofesional\/wp-content\/uploads\/sites\/7\/2021\/04\/innovacion.png\u00bb _builder_version=\u00bb4.26.0&#8243; custom_padding=\u00bb40px|||\u00bb hover_enabled=\u00bb0&#8243; box_shadow_style=\u00bbpreset3&#8243; locked=\u00bboff\u00bb global_colors_info=\u00bb{}\u00bb sticky_enabled=\u00bb0&#8243;]<\/p>\n<p><em>Promover la conciencia emprendedora en todas sus vertientes (personal, social y productiva) <\/em><\/p>\n<p>Desde nuestro centro estamos convencidos de la necesidad de Impulsar una cultura emprendedora entendida como la confluencia entre cuatro elementos fundamentales: la creatividad, la innovaci\u00f3n, la responsabilidad y el emprendimiento, como base de la educaci\u00f3n integral de los j\u00f3venes. Para ello llevamos a cabo proyectos tales como: Innicia, Concursos i+d, participaci\u00f3n en competiciones como Andaluc\u00eda Skills.<\/p>\n<p>[\/et_pb_testimonial][\/et_pb_column][et_pb_column type=\u00bb1_2&#8243; _builder_version=\u00bb4.16&#8243; _module_preset=\u00bbdefault\u00bb global_colors_info=\u00bb{}\u00bb][et_pb_testimonial author=\u00bbFormaci\u00f3n Profesional Dual\u00bb portrait_url=\u00bbhttp:\/\/cadiz.salesianos.edu\/formacionprofesional\/wp-content\/uploads\/sites\/7\/2021\/04\/dual2.png\u00bb _builder_version=\u00bb4.26.0&#8243; custom_padding=\u00bb40px|||\u00bb hover_enabled=\u00bb0&#8243; box_shadow_style=\u00bbpreset3&#8243; locked=\u00bboff\u00bb global_colors_info=\u00bb{}\u00bb sticky_enabled=\u00bb0&#8243;]<\/p>\n<p style=\"text-align: justify;\"><em>La modalidad FP Dual permite a los alumnos desarrollar los conocimientos y las habilidades adquiridas en un entorno laboral real.<\/em><\/p>\n<p style=\"text-align: justify;\">Los estudiantes de nuestro centro realizar\u00e1n sus estudios de FP en la modalidad Dual en r\u00e9gimen general que <strong>alterna la formaci\u00f3n escolar y la formaci\u00f3n en la empr<\/strong>esa. La Formaci\u00f3n Profesional Dual es una oportunidad para mejorar las competencias de nuestros alumnos y descubrir la complejidad real de su oficio. Adem\u00e1s, tiene su <strong>primera experiencia en el mercado de trabajo<\/strong>. En Salesianos C\u00e1diz no entendemos la Formaci\u00f3n Profesional sin el contacto directo con el mundo laboral.<\/p>\n<p>[\/et_pb_testimonial][et_pb_testimonial author=\u00bbCertificaciones Profesionales Complementarias\u00bb portrait_url=\u00bbhttp:\/\/cadiz.salesianos.edu\/formacionprofesional\/wp-content\/uploads\/sites\/7\/2021\/04\/certificacion.png\u00bb _builder_version=\u00bb4.16&#8243; custom_padding=\u00bb40px|||\u00bb box_shadow_style=\u00bbpreset3&#8243; locked=\u00bboff\u00bb global_colors_info=\u00bb{}\u00bb]<\/p>\n<p style=\"text-align: justify;\">A\u00f1ade certificaciones complementarias al CV del alumnado que facilite su incorporaci\u00f3n al mercado laboral.<\/p>\n<p style=\"text-align: justify;\">Optar a un determinado puesto de trabajo implica haber obtenido la cualificaci\u00f3n acad\u00e9mica adecuada.\u00a0 Ofrecemos la posibilidad de ampliar la formaci\u00f3n, mediante certificaciones profesionales complementarias, para adquirir y acreditar competencias \u00fatiles en cada sector profesional; esta formaci\u00f3n marcar\u00e1 una diferencia en el CV del alumnado\u00a0 cuando sale de nuestro centro<\/p>\n<p>[\/et_pb_testimonial][et_pb_gallery gallery_ids=\u00bb2445,2444&#8243; fullwidth=\u00bbon\u00bb _builder_version=\u00bb4.16&#8243; auto=\u00bbon\u00bb global_colors_info=\u00bb{}\u00bb][\/et_pb_gallery][\/et_pb_column][\/et_pb_row][\/et_pb_section]<\/p>\n","protected":false},"excerpt":{"rendered":"<p>Metodolog\u00eda de ense\u00f1anza-aprendizaje que potencia el esp\u00edritu cr\u00edtico y la autonom\u00eda de los estudiantes. La innovaci\u00f3n y la creatividad son esenciales en la Formaci\u00f3n Profesional. Venimos implementando proyectos de innovaci\u00f3n en la FP para adaptarnos a los nuevos alumnos que piden nuevas maneras de aprender de manera colaborativa y a las necesidades del mercado de [&hellip;]<\/p>\n","protected":false},"author":5,"featured_media":0,"parent":0,"menu_order":0,"comment_status":"closed","ping_status":"closed","template":"","meta":{"_et_pb_use_builder":"on","_et_pb_old_content":"","_et_gb_content_width":"","footnotes":""},"class_list":["post-4740","page","type-page","status-publish","hentry"],"yoast_head":"<!-- This site is optimized with the Yoast SEO plugin v27.4 - https:\/\/yoast.com\/product\/yoast-seo-wordpress\/ -->\n<title>Un Mundo de Posiblidades - Formaci\u00f3n Profesional<\/title>\n<meta name=\"robots\" content=\"index, follow, max-snippet:-1, max-image-preview:large, max-video-preview:-1\" \/>\n<link rel=\"canonical\" href=\"https:\/\/cadiz.salesianos.edu\/formacionprofesional\/posibilidades\/\" \/>\n<meta property=\"og:locale\" content=\"es_ES\" \/>\n<meta property=\"og:type\" content=\"article\" \/>\n<meta property=\"og:title\" content=\"Un Mundo de Posiblidades - Formaci\u00f3n Profesional\" \/>\n<meta property=\"og:description\" content=\"Metodolog\u00eda de ense\u00f1anza-aprendizaje que potencia el esp\u00edritu cr\u00edtico y la autonom\u00eda de los estudiantes. La innovaci\u00f3n y la creatividad son esenciales en la Formaci\u00f3n Profesional. Venimos implementando proyectos de innovaci\u00f3n en la FP para adaptarnos a los nuevos alumnos que piden nuevas maneras de aprender de manera colaborativa y a las necesidades del mercado de [&hellip;]\" \/>\n<meta property=\"og:url\" content=\"https:\/\/cadiz.salesianos.edu\/formacionprofesional\/posibilidades\/\" \/>\n<meta property=\"og:site_name\" content=\"Formaci\u00f3n Profesional\" \/>\n<meta property=\"article:modified_time\" content=\"2024-07-08T07:47:36+00:00\" \/>\n<meta name=\"twitter:card\" content=\"summary_large_image\" \/>\n<meta name=\"twitter:label1\" content=\"Tiempo de lectura\" \/>\n\t<meta name=\"twitter:data1\" content=\"1 minuto\" \/>\n<script type=\"application\/ld+json\" class=\"yoast-schema-graph\">{\"@context\":\"https:\\\/\\\/schema.org\",\"@graph\":[{\"@type\":\"WebPage\",\"@id\":\"https:\\\/\\\/cadiz.salesianos.edu\\\/formacionprofesional\\\/posibilidades\\\/\",\"url\":\"https:\\\/\\\/cadiz.salesianos.edu\\\/formacionprofesional\\\/posibilidades\\\/\",\"name\":\"Un Mundo de Posiblidades - Formaci\u00f3n Profesional\",\"isPartOf\":{\"@id\":\"https:\\\/\\\/cadiz.salesianos.edu\\\/formacionprofesional\\\/#website\"},\"datePublished\":\"2021-04-26T06:47:28+00:00\",\"dateModified\":\"2024-07-08T07:47:36+00:00\",\"breadcrumb\":{\"@id\":\"https:\\\/\\\/cadiz.salesianos.edu\\\/formacionprofesional\\\/posibilidades\\\/#breadcrumb\"},\"inLanguage\":\"es\",\"potentialAction\":[{\"@type\":\"ReadAction\",\"target\":[\"https:\\\/\\\/cadiz.salesianos.edu\\\/formacionprofesional\\\/posibilidades\\\/\"]}]},{\"@type\":\"BreadcrumbList\",\"@id\":\"https:\\\/\\\/cadiz.salesianos.edu\\\/formacionprofesional\\\/posibilidades\\\/#breadcrumb\",\"itemListElement\":[{\"@type\":\"ListItem\",\"position\":1,\"name\":\"Portada\",\"item\":\"https:\\\/\\\/cadiz.salesianos.edu\\\/formacionprofesional\\\/\"},{\"@type\":\"ListItem\",\"position\":2,\"name\":\"Un Mundo de Posiblidades\"}]},{\"@type\":\"WebSite\",\"@id\":\"https:\\\/\\\/cadiz.salesianos.edu\\\/formacionprofesional\\\/#website\",\"url\":\"https:\\\/\\\/cadiz.salesianos.edu\\\/formacionprofesional\\\/\",\"name\":\"Formaci\u00f3n Profesional\",\"description\":\"P\u00e1gina oficial Salesianos C\u00e1diz\",\"potentialAction\":[{\"@type\":\"SearchAction\",\"target\":{\"@type\":\"EntryPoint\",\"urlTemplate\":\"https:\\\/\\\/cadiz.salesianos.edu\\\/formacionprofesional\\\/?s={search_term_string}\"},\"query-input\":{\"@type\":\"PropertyValueSpecification\",\"valueRequired\":true,\"valueName\":\"search_term_string\"}}],\"inLanguage\":\"es\"}]}<\/script>\n<!-- \/ Yoast SEO plugin. -->","yoast_head_json":{"title":"Un Mundo de Posiblidades - Formaci\u00f3n Profesional","robots":{"index":"index","follow":"follow","max-snippet":"max-snippet:-1","max-image-preview":"max-image-preview:large","max-video-preview":"max-video-preview:-1"},"canonical":"https:\/\/cadiz.salesianos.edu\/formacionprofesional\/posibilidades\/","og_locale":"es_ES","og_type":"article","og_title":"Un Mundo de Posiblidades - Formaci\u00f3n Profesional","og_description":"Metodolog\u00eda de ense\u00f1anza-aprendizaje que potencia el esp\u00edritu cr\u00edtico y la autonom\u00eda de los estudiantes. La innovaci\u00f3n y la creatividad son esenciales en la Formaci\u00f3n Profesional. Venimos implementando proyectos de innovaci\u00f3n en la FP para adaptarnos a los nuevos alumnos que piden nuevas maneras de aprender de manera colaborativa y a las necesidades del mercado de [&hellip;]","og_url":"https:\/\/cadiz.salesianos.edu\/formacionprofesional\/posibilidades\/","og_site_name":"Formaci\u00f3n Profesional","article_modified_time":"2024-07-08T07:47:36+00:00","twitter_card":"summary_large_image","twitter_misc":{"Tiempo de lectura":"1 minuto"},"schema":{"@context":"https:\/\/schema.org","@graph":[{"@type":"WebPage","@id":"https:\/\/cadiz.salesianos.edu\/formacionprofesional\/posibilidades\/","url":"https:\/\/cadiz.salesianos.edu\/formacionprofesional\/posibilidades\/","name":"Un Mundo de Posiblidades - Formaci\u00f3n Profesional","isPartOf":{"@id":"https:\/\/cadiz.salesianos.edu\/formacionprofesional\/#website"},"datePublished":"2021-04-26T06:47:28+00:00","dateModified":"2024-07-08T07:47:36+00:00","breadcrumb":{"@id":"https:\/\/cadiz.salesianos.edu\/formacionprofesional\/posibilidades\/#breadcrumb"},"inLanguage":"es","potentialAction":[{"@type":"ReadAction","target":["https:\/\/cadiz.salesianos.edu\/formacionprofesional\/posibilidades\/"]}]},{"@type":"BreadcrumbList","@id":"https:\/\/cadiz.salesianos.edu\/formacionprofesional\/posibilidades\/#breadcrumb","itemListElement":[{"@type":"ListItem","position":1,"name":"Portada","item":"https:\/\/cadiz.salesianos.edu\/formacionprofesional\/"},{"@type":"ListItem","position":2,"name":"Un Mundo de Posiblidades"}]},{"@type":"WebSite","@id":"https:\/\/cadiz.salesianos.edu\/formacionprofesional\/#website","url":"https:\/\/cadiz.salesianos.edu\/formacionprofesional\/","name":"Formaci\u00f3n Profesional","description":"P\u00e1gina oficial Salesianos C\u00e1diz","potentialAction":[{"@type":"SearchAction","target":{"@type":"EntryPoint","urlTemplate":"https:\/\/cadiz.salesianos.edu\/formacionprofesional\/?s={search_term_string}"},"query-input":{"@type":"PropertyValueSpecification","valueRequired":true,"valueName":"search_term_string"}}],"inLanguage":"es"}]}},"_links":{"self":[{"href":"https:\/\/cadiz.salesianos.edu\/formacionprofesional\/wp-json\/wp\/v2\/pages\/4740","targetHints":{"allow":["GET"]}}],"collection":[{"href":"https:\/\/cadiz.salesianos.edu\/formacionprofesional\/wp-json\/wp\/v2\/pages"}],"about":[{"href":"https:\/\/cadiz.salesianos.edu\/formacionprofesional\/wp-json\/wp\/v2\/types\/page"}],"author":[{"embeddable":true,"href":"https:\/\/cadiz.salesianos.edu\/formacionprofesional\/wp-json\/wp\/v2\/users\/5"}],"replies":[{"embeddable":true,"href":"https:\/\/cadiz.salesianos.edu\/formacionprofesional\/wp-json\/wp\/v2\/comments?post=4740"}],"version-history":[{"count":9,"href":"https:\/\/cadiz.salesianos.edu\/formacionprofesional\/wp-json\/wp\/v2\/pages\/4740\/revisions"}],"predecessor-version":[{"id":5070,"href":"https:\/\/cadiz.salesianos.edu\/formacionprofesional\/wp-json\/wp\/v2\/pages\/4740\/revisions\/5070"}],"wp:attachment":[{"href":"https:\/\/cadiz.salesianos.edu\/formacionprofesional\/wp-json\/wp\/v2\/media?parent=4740"}],"curies":[{"name":"wp","href":"https:\/\/api.w.org\/{rel}","templated":true}]}}