{"id":3927,"date":"2017-10-30T17:24:43","date_gmt":"2017-10-30T16:24:43","guid":{"rendered":"http:\/\/cadiz.salesianos.edu\/?page_id=3927"},"modified":"2026-04-09T18:43:14","modified_gmt":"2026-04-09T16:43:14","slug":"inicio","status":"publish","type":"page","link":"https:\/\/cadiz.salesianos.edu\/formacionprofesional\/","title":{"rendered":"Inicio"},"content":{"rendered":"<p>[et_pb_section fb_built=\u00bb1&#8243; fullwidth=\u00bbon\u00bb _builder_version=\u00bb4.16&#8243; background_color=\u00bbrgba(0,0,0,0)\u00bb global_colors_info=\u00bb{}\u00bb][et_pb_fullwidth_slider _builder_version=\u00bb4.16&#8243; background_image=\u00bbhttp:\/\/cadiz.salesianos.edu\/formacionprofesional\/wp-content\/uploads\/sites\/7\/2020\/12\/comercio16-300&#215;199.jpg\u00bb global_colors_info=\u00bb{}\u00bb][et_pb_slide heading=\u00bbUn camino hacia t\u00fa futuro\u00bb _builder_version=\u00bb4.16&#8243; background_enable_color=\u00bboff\u00bb background_image=\u00bbhttp:\/\/cadiz.salesianos.edu\/formacionprofesional\/wp-content\/uploads\/sites\/7\/2020\/12\/comercio.png\u00bb background_enable_image=\u00bbon\u00bb global_colors_info=\u00bb{}\u00bb sticky_transition=\u00bbon\u00bb][\/et_pb_slide][\/et_pb_fullwidth_slider][\/et_pb_section][et_pb_section fb_built=\u00bb1&#8243; module_id=\u00bbportada\u00bb _builder_version=\u00bb4.16&#8243; min_height=\u00bb1171px\u00bb custom_margin=\u00bb||50px\u00bb custom_padding=\u00bb50px||||false|false\u00bb global_colors_info=\u00bb{}\u00bb][et_pb_row disabled_on=\u00bboff|off|off\u00bb _builder_version=\u00bb4.16&#8243; global_colors_info=\u00bb{}\u00bb][et_pb_column type=\u00bb4_4&#8243; _builder_version=\u00bb4.16&#8243; global_colors_info=\u00bb{}\u00bb][et_pb_divider _builder_version=\u00bb4.16&#8243; _module_preset=\u00bbdefault\u00bb global_colors_info=\u00bb{}\u00bb][\/et_pb_divider][\/et_pb_column][\/et_pb_row][et_pb_row _builder_version=\u00bb4.16&#8243; global_colors_info=\u00bb{}\u00bb][et_pb_column type=\u00bb4_4&#8243; _builder_version=\u00bb4.16&#8243; global_colors_info=\u00bb{}\u00bb][et_pb_text _builder_version=\u00bb4.19.5&#8243; global_colors_info=\u00bb{}\u00bb]<\/p>\n<h1>Prepara tu futuro con nosotros<\/h1>\n<p>Para las <strong>Escuelas Salesianas<\/strong>, la <strong>formaci\u00f3n profesional<\/strong> siempre ha sido un aspecto clave en su oferta educativa, y en C\u00e1diz tambi\u00e9n lo creemos as\u00ed. Por el momento ofrecemos varios <strong>ciclos.\u00a0 Ciclos Formativos de Grado B\u00e1sico (CFGB), grado medio y grado superior<\/strong>. Con el tiempo, y en respuesta a la demanda del centro, iremos abriendo nuevos ciclos de formaci\u00f3n profesional.<\/p>\n<p>Si est\u00e1s interesado en estudiar este ciclo de\u00a0 FPB, grado medio o superiror con nosotros, <strong>a partir de abril publicaremos toda la informaci\u00f3n al respecto<\/strong>. S\u00edguenos en nuestras <strong>redes sociales<\/strong> y te avisaremos cuando se abra el\u00a0<strong>proceso de pre-inscripci\u00f3n y matr\u00edcula<\/strong>.<\/p>\n<p>[\/et_pb_text][\/et_pb_column][\/et_pb_row][et_pb_row column_structure=\u00bb1_3,1_3,1_3&#8243; _builder_version=\u00bb4.16&#8243; global_colors_info=\u00bb{}\u00bb][et_pb_column type=\u00bb1_3&#8243; _builder_version=\u00bb4.16&#8243; global_colors_info=\u00bb{}\u00bb][et_pb_blurb title=\u00bbGrado B\u00e1sico\u00bb url=\u00bbhttps:\/\/cadiz.salesianos.edu\/formacionprofesional\/fpb\/\u00bb use_icon=\u00bbon\u00bb font_icon=\u00bb&#xe0db;||divi||400&#8243; _builder_version=\u00bb4.26.0&#8243; text_orientation=\u00bbcenter\u00bb global_colors_info=\u00bb{}\u00bb][\/et_pb_blurb][\/et_pb_column][et_pb_column type=\u00bb1_3&#8243; _builder_version=\u00bb4.16&#8243; global_colors_info=\u00bb{}\u00bb][et_pb_blurb title=\u00bbGrado Medio\u00bb url=\u00bbhttps:\/\/cadiz.salesianos.edu\/formacionprofesional\/gradomedio\/\u00bb use_icon=\u00bbon\u00bb font_icon=\u00bb&#xe036;||divi||400&#8243; _builder_version=\u00bb4.16&#8243; text_orientation=\u00bbcenter\u00bb global_colors_info=\u00bb{}\u00bb][\/et_pb_blurb][\/et_pb_column][et_pb_column type=\u00bb1_3&#8243; _builder_version=\u00bb4.16&#8243; global_colors_info=\u00bb{}\u00bb][et_pb_blurb title=\u00bbGrado Superior\u00bb url=\u00bbhttps:\/\/cadiz.salesianos.edu\/formacionprofesional\/gradosuperior\/\u00bb use_icon=\u00bbon\u00bb font_icon=\u00bb&#xe0f0;||divi||400&#8243; _builder_version=\u00bb4.16&#8243; text_orientation=\u00bbcenter\u00bb global_colors_info=\u00bb{}\u00bb][\/et_pb_blurb][\/et_pb_column][\/et_pb_row][et_pb_row _builder_version=\u00bb4.16&#8243; _module_preset=\u00bbdefault\u00bb global_colors_info=\u00bb{}\u00bb][et_pb_column type=\u00bb4_4&#8243; _builder_version=\u00bb4.16&#8243; _module_preset=\u00bbdefault\u00bb global_colors_info=\u00bb{}\u00bb][\/et_pb_column][\/et_pb_row][\/et_pb_section]<\/p>\n","protected":false},"excerpt":{"rendered":"<p>Prepara tu futuro con nosotros Para las Escuelas Salesianas, la formaci\u00f3n profesional siempre ha sido un aspecto clave en su oferta educativa, y en C\u00e1diz tambi\u00e9n lo creemos as\u00ed. Por el momento ofrecemos varios ciclos.\u00a0 Ciclos Formativos de Grado B\u00e1sico (CFGB), grado medio y grado superior. Con el tiempo, y en respuesta a la demanda [&hellip;]<\/p>\n","protected":false},"author":1,"featured_media":0,"parent":0,"menu_order":0,"comment_status":"closed","ping_status":"closed","template":"","meta":{"_et_pb_use_builder":"on","_et_pb_old_content":"","_et_gb_content_width":"","footnotes":""},"class_list":["post-3927","page","type-page","status-publish","hentry"],"yoast_head":"<!-- This site is optimized with the Yoast SEO plugin v27.4 - https:\/\/yoast.com\/product\/yoast-seo-wordpress\/ -->\n<title>Inicio - Formaci\u00f3n Profesional<\/title>\n<meta name=\"robots\" content=\"index, follow, max-snippet:-1, max-image-preview:large, max-video-preview:-1\" \/>\n<link rel=\"canonical\" href=\"https:\/\/cadiz.salesianos.edu\/formacionprofesional\/\" \/>\n<meta property=\"og:locale\" content=\"es_ES\" \/>\n<meta property=\"og:type\" content=\"article\" \/>\n<meta property=\"og:title\" content=\"Inicio - Formaci\u00f3n Profesional\" \/>\n<meta property=\"og:description\" content=\"Prepara tu futuro con nosotros Para las Escuelas Salesianas, la formaci\u00f3n profesional siempre ha sido un aspecto clave en su oferta educativa, y en C\u00e1diz tambi\u00e9n lo creemos as\u00ed. Por el momento ofrecemos varios ciclos.\u00a0 Ciclos Formativos de Grado B\u00e1sico (CFGB), grado medio y grado superior. Con el tiempo, y en respuesta a la demanda [&hellip;]\" \/>\n<meta property=\"og:url\" content=\"https:\/\/cadiz.salesianos.edu\/formacionprofesional\/\" \/>\n<meta property=\"og:site_name\" content=\"Formaci\u00f3n Profesional\" \/>\n<meta property=\"article:modified_time\" content=\"2026-04-09T16:43:14+00:00\" \/>\n<meta name=\"twitter:card\" content=\"summary_large_image\" \/>\n<meta name=\"twitter:label1\" content=\"Tiempo de lectura\" \/>\n\t<meta name=\"twitter:data1\" content=\"3 minutos\" \/>\n<script type=\"application\/ld+json\" class=\"yoast-schema-graph\">{\"@context\":\"https:\\\/\\\/schema.org\",\"@graph\":[{\"@type\":\"WebPage\",\"@id\":\"https:\\\/\\\/cadiz.salesianos.edu\\\/formacionprofesional\\\/\",\"url\":\"https:\\\/\\\/cadiz.salesianos.edu\\\/formacionprofesional\\\/\",\"name\":\"Inicio - Formaci\u00f3n Profesional\",\"isPartOf\":{\"@id\":\"https:\\\/\\\/cadiz.salesianos.edu\\\/formacionprofesional\\\/#website\"},\"datePublished\":\"2017-10-30T16:24:43+00:00\",\"dateModified\":\"2026-04-09T16:43:14+00:00\",\"breadcrumb\":{\"@id\":\"https:\\\/\\\/cadiz.salesianos.edu\\\/formacionprofesional\\\/#breadcrumb\"},\"inLanguage\":\"es\",\"potentialAction\":[{\"@type\":\"ReadAction\",\"target\":[\"https:\\\/\\\/cadiz.salesianos.edu\\\/formacionprofesional\\\/\"]}]},{\"@type\":\"BreadcrumbList\",\"@id\":\"https:\\\/\\\/cadiz.salesianos.edu\\\/formacionprofesional\\\/#breadcrumb\",\"itemListElement\":[{\"@type\":\"ListItem\",\"position\":1,\"name\":\"Portada\",\"item\":\"https:\\\/\\\/cadiz.salesianos.edu\\\/formacionprofesional\\\/\"},{\"@type\":\"ListItem\",\"position\":2,\"name\":\"Inicio\"}]},{\"@type\":\"WebSite\",\"@id\":\"https:\\\/\\\/cadiz.salesianos.edu\\\/formacionprofesional\\\/#website\",\"url\":\"https:\\\/\\\/cadiz.salesianos.edu\\\/formacionprofesional\\\/\",\"name\":\"Formaci\u00f3n Profesional\",\"description\":\"P\u00e1gina oficial Salesianos C\u00e1diz\",\"potentialAction\":[{\"@type\":\"SearchAction\",\"target\":{\"@type\":\"EntryPoint\",\"urlTemplate\":\"https:\\\/\\\/cadiz.salesianos.edu\\\/formacionprofesional\\\/?s={search_term_string}\"},\"query-input\":{\"@type\":\"PropertyValueSpecification\",\"valueRequired\":true,\"valueName\":\"search_term_string\"}}],\"inLanguage\":\"es\"}]}<\/script>\n<!-- \/ Yoast SEO plugin. -->","yoast_head_json":{"title":"Inicio - Formaci\u00f3n Profesional","robots":{"index":"index","follow":"follow","max-snippet":"max-snippet:-1","max-image-preview":"max-image-preview:large","max-video-preview":"max-video-preview:-1"},"canonical":"https:\/\/cadiz.salesianos.edu\/formacionprofesional\/","og_locale":"es_ES","og_type":"article","og_title":"Inicio - Formaci\u00f3n Profesional","og_description":"Prepara tu futuro con nosotros Para las Escuelas Salesianas, la formaci\u00f3n profesional siempre ha sido un aspecto clave en su oferta educativa, y en C\u00e1diz tambi\u00e9n lo creemos as\u00ed. Por el momento ofrecemos varios ciclos.\u00a0 Ciclos Formativos de Grado B\u00e1sico (CFGB), grado medio y grado superior. Con el tiempo, y en respuesta a la demanda [&hellip;]","og_url":"https:\/\/cadiz.salesianos.edu\/formacionprofesional\/","og_site_name":"Formaci\u00f3n Profesional","article_modified_time":"2026-04-09T16:43:14+00:00","twitter_card":"summary_large_image","twitter_misc":{"Tiempo de lectura":"3 minutos"},"schema":{"@context":"https:\/\/schema.org","@graph":[{"@type":"WebPage","@id":"https:\/\/cadiz.salesianos.edu\/formacionprofesional\/","url":"https:\/\/cadiz.salesianos.edu\/formacionprofesional\/","name":"Inicio - Formaci\u00f3n Profesional","isPartOf":{"@id":"https:\/\/cadiz.salesianos.edu\/formacionprofesional\/#website"},"datePublished":"2017-10-30T16:24:43+00:00","dateModified":"2026-04-09T16:43:14+00:00","breadcrumb":{"@id":"https:\/\/cadiz.salesianos.edu\/formacionprofesional\/#breadcrumb"},"inLanguage":"es","potentialAction":[{"@type":"ReadAction","target":["https:\/\/cadiz.salesianos.edu\/formacionprofesional\/"]}]},{"@type":"BreadcrumbList","@id":"https:\/\/cadiz.salesianos.edu\/formacionprofesional\/#breadcrumb","itemListElement":[{"@type":"ListItem","position":1,"name":"Portada","item":"https:\/\/cadiz.salesianos.edu\/formacionprofesional\/"},{"@type":"ListItem","position":2,"name":"Inicio"}]},{"@type":"WebSite","@id":"https:\/\/cadiz.salesianos.edu\/formacionprofesional\/#website","url":"https:\/\/cadiz.salesianos.edu\/formacionprofesional\/","name":"Formaci\u00f3n Profesional","description":"P\u00e1gina oficial Salesianos C\u00e1diz","potentialAction":[{"@type":"SearchAction","target":{"@type":"EntryPoint","urlTemplate":"https:\/\/cadiz.salesianos.edu\/formacionprofesional\/?s={search_term_string}"},"query-input":{"@type":"PropertyValueSpecification","valueRequired":true,"valueName":"search_term_string"}}],"inLanguage":"es"}]}},"_links":{"self":[{"href":"https:\/\/cadiz.salesianos.edu\/formacionprofesional\/wp-json\/wp\/v2\/pages\/3927","targetHints":{"allow":["GET"]}}],"collection":[{"href":"https:\/\/cadiz.salesianos.edu\/formacionprofesional\/wp-json\/wp\/v2\/pages"}],"about":[{"href":"https:\/\/cadiz.salesianos.edu\/formacionprofesional\/wp-json\/wp\/v2\/types\/page"}],"author":[{"embeddable":true,"href":"https:\/\/cadiz.salesianos.edu\/formacionprofesional\/wp-json\/wp\/v2\/users\/1"}],"replies":[{"embeddable":true,"href":"https:\/\/cadiz.salesianos.edu\/formacionprofesional\/wp-json\/wp\/v2\/comments?post=3927"}],"version-history":[{"count":116,"href":"https:\/\/cadiz.salesianos.edu\/formacionprofesional\/wp-json\/wp\/v2\/pages\/3927\/revisions"}],"predecessor-version":[{"id":5144,"href":"https:\/\/cadiz.salesianos.edu\/formacionprofesional\/wp-json\/wp\/v2\/pages\/3927\/revisions\/5144"}],"wp:attachment":[{"href":"https:\/\/cadiz.salesianos.edu\/formacionprofesional\/wp-json\/wp\/v2\/media?parent=3927"}],"curies":[{"name":"wp","href":"https:\/\/api.w.org\/{rel}","templated":true}]}}