{"id":5482,"date":"2022-05-19T09:22:47","date_gmt":"2022-05-19T07:22:47","guid":{"rendered":"https:\/\/cadiz.salesianos.edu\/colegio\/?page_id=5482"},"modified":"2023-06-01T08:36:11","modified_gmt":"2023-06-01T06:36:11","slug":"matricula-virtual-secundaria","status":"publish","type":"page","link":"https:\/\/cadiz.salesianos.edu\/colegio\/matricula-virtual-secundaria\/","title":{"rendered":"Matr\u00edcula Virtual Secundaria"},"content":{"rendered":"<p>[et_pb_section fb_built=\u00bb1&#8243; fullwidth=\u00bbon\u00bb _builder_version=\u00bb4.16&#8243; global_colors_info=\u00bb{}\u00bb][et_pb_fullwidth_header button_one_url=\u00bbhttps:\/\/actividades.salesianosalicante.es\/index.php\u00bb title_font_color=\u00bb#ffffff\u00bb disabled_on=\u00bbon|off|off\u00bb module_class=\u00bbpagina-imagen-cabecera\u00bb _builder_version=\u00bb4.19.5&#8243; title_text_color=\u00bb#ffffff\u00bb title_font_size=\u00bb40px\u00bb background_color=\u00bb#E02B20&#8243; background_image=\u00bbhttp:\/\/cadiz.salesianos.edu\/colegio\/wp-content\/uploads\/sites\/11\/2023\/05\/m2.png\u00bb custom_button_one=\u00bbon\u00bb button_one_text_color=\u00bb#dc001b\u00bb button_one_bg_color=\u00bb#ffffff\u00bb button_one_border_width=\u00bb0px\u00bb button_one_border_radius=\u00bb100px\u00bb button_one_font=\u00bb||||||||\u00bb button_one_icon=\u00bb&#xe015;||divi||400&#8243; button_one_icon_color=\u00bb#dc001b\u00bb button_one_icon_placement=\u00bbleft\u00bb background_layout=\u00bblight\u00bb height=\u00bb600px\u00bb box_shadow_style_button_one=\u00bbpreset3&#8243; background_url=\u00bbhttps:\/\/cadiz.salesianos.edu\/wp-content\/uploads\/2021\/01\/Captura-de-pantalla-2017-04-13-a-las-16.57.17.png\u00bb locked=\u00bboff\u00bb global_colors_info=\u00bb{}\u00bb button_one_text_size__hover_enabled=\u00bboff\u00bb button_two_text_size__hover_enabled=\u00bboff\u00bb button_one_text_color__hover_enabled=\u00bboff\u00bb button_two_text_color__hover_enabled=\u00bboff\u00bb button_one_border_width__hover_enabled=\u00bboff\u00bb button_two_border_width__hover_enabled=\u00bboff\u00bb button_one_border_color__hover_enabled=\u00bboff\u00bb button_two_border_color__hover_enabled=\u00bboff\u00bb button_one_border_radius__hover_enabled=\u00bboff\u00bb button_two_border_radius__hover_enabled=\u00bboff\u00bb button_one_letter_spacing__hover_enabled=\u00bboff\u00bb button_two_letter_spacing__hover_enabled=\u00bboff\u00bb button_one_bg_color__hover_enabled=\u00bboff\u00bb button_two_bg_color__hover_enabled=\u00bboff\u00bb][\/et_pb_fullwidth_header][\/et_pb_section][et_pb_section fb_built=\u00bb1&#8243; fullwidth=\u00bbon\u00bb _builder_version=\u00bb4.19.5&#8243; _module_preset=\u00bbdefault\u00bb locked=\u00bboff\u00bb global_colors_info=\u00bb{}\u00bb][et_pb_fullwidth_header disabled_on=\u00bboff|on|on\u00bb _builder_version=\u00bb4.19.5&#8243; _module_preset=\u00bbdefault\u00bb background_image=\u00bbhttp:\/\/cadiz.salesianos.edu\/colegio\/wp-content\/uploads\/sites\/11\/2023\/05\/m2.png\u00bb height=\u00bb200px\u00bb height_last_edited=\u00bboff|phone\u00bb global_colors_info=\u00bb{}\u00bb height__hover_enabled=\u00bboff|desktop\u00bb][\/et_pb_fullwidth_header][\/et_pb_section][et_pb_section fb_built=\u00bb1&#8243; _builder_version=\u00bb4.16&#8243; custom_padding=\u00bb0px||0px|||\u00bb global_colors_info=\u00bb{}\u00bb][et_pb_row _builder_version=\u00bb4.16&#8243; max_width=\u00bb650px\u00bb custom_padding=\u00bb||0px|||\u00bb global_colors_info=\u00bb{}\u00bb][et_pb_column type=\u00bb4_4&#8243; _builder_version=\u00bb4.16&#8243; global_colors_info=\u00bb{}\u00bb][et_pb_text _builder_version=\u00bb4.19.5&#8243; global_colors_info=\u00bb{}\u00bb]<\/p>\n<h1 style=\"text-align: center;\">SECUNDARIA<\/h1>\n<p>[\/et_pb_text][et_pb_divider divider_weight=\u00bb5px\u00bb _builder_version=\u00bb4.19.5&#8243; _module_preset=\u00bbdefault\u00bb global_colors_info=\u00bb{}\u00bb][\/et_pb_divider][\/et_pb_column][\/et_pb_row][\/et_pb_section][et_pb_section fb_built=\u00bb1&#8243; module_class=\u00bbpagina-seccion-contenido\u00bb _builder_version=\u00bb4.16&#8243; custom_padding=\u00bb0%|||\u00bb global_colors_info=\u00bb{}\u00bb][et_pb_row _builder_version=\u00bb4.16&#8243; _module_preset=\u00bbdefault\u00bb global_colors_info=\u00bb{}\u00bb][et_pb_column type=\u00bb4_4&#8243; _builder_version=\u00bb4.16&#8243; _module_preset=\u00bbdefault\u00bb global_colors_info=\u00bb{}\u00bb][et_pb_text _builder_version=\u00bb4.16&#8243; header_font=\u00bb||||||||\u00bb header_2_font=\u00bbLato|300|||||||\u00bb header_2_text_color=\u00bb#dc001b\u00bb header_2_font_size=\u00bb28px\u00bb global_colors_info=\u00bb{}\u00bb]<\/p>\n<h2>Avanzando hacia el futuro<\/h2>\n<p>[\/et_pb_text][\/et_pb_column][\/et_pb_row][et_pb_row column_structure=\u00bb1_4,1_4,1_4,1_4&#8243; disabled_on=\u00bboff|off|off\u00bb _builder_version=\u00bb4.16&#8243; global_colors_info=\u00bb{}\u00bb][et_pb_column type=\u00bb1_4&#8243; _builder_version=\u00bb4.16&#8243; custom_padding=\u00bb|||\u00bb global_colors_info=\u00bb{}\u00bb custom_padding__hover=\u00bb|||\u00bb][et_pb_blurb url=\u00bbhttp:\/\/cadiz.salesianos.edu\/colegio\/wp-content\/uploads\/sites\/11\/2023\/06\/secundaria.pdf\u00bb image=\u00bbhttp:\/\/cadiz.salesianos.edu\/colegio\/wp-content\/uploads\/sites\/11\/2023\/05\/Boton-Instrucciones.jpg\u00bb _builder_version=\u00bb4.19.5&#8243; _module_preset=\u00bbdefault\u00bb hover_enabled=\u00bb0&#8243; global_colors_info=\u00bb{}\u00bb sticky_enabled=\u00bb0&#8243;][\/et_pb_blurb][\/et_pb_column][et_pb_column type=\u00bb1_4&#8243; _builder_version=\u00bb4.16&#8243; custom_padding=\u00bb|||\u00bb global_colors_info=\u00bb{}\u00bb custom_padding__hover=\u00bb|||\u00bb][et_pb_blurb url=\u00bbhttps:\/\/matriculavirtual.com\/\u00bb image=\u00bbhttp:\/\/cadiz.salesianos.edu\/colegio\/wp-content\/uploads\/sites\/11\/2023\/05\/Boton-matricula.jpg\u00bb _builder_version=\u00bb4.19.5&#8243; _module_preset=\u00bbdefault\u00bb global_colors_info=\u00bb{}\u00bb][\/et_pb_blurb][\/et_pb_column][et_pb_column type=\u00bb1_4&#8243; _builder_version=\u00bb4.16&#8243; custom_padding=\u00bb|||\u00bb global_colors_info=\u00bb{}\u00bb custom_padding__hover=\u00bb|||\u00bb][et_pb_blurb url=\u00bbhttps:\/\/www.reservatuslibros.com\/\u00bb image=\u00bbhttp:\/\/cadiz.salesianos.edu\/colegio\/wp-content\/uploads\/sites\/11\/2023\/05\/Boton-Libros.jpg\u00bb _builder_version=\u00bb4.19.5&#8243; _module_preset=\u00bbdefault\u00bb global_colors_info=\u00bb{}\u00bb][\/et_pb_blurb][\/et_pb_column][et_pb_column type=\u00bb1_4&#8243; _builder_version=\u00bb4.16&#8243; custom_padding=\u00bb|||\u00bb global_colors_info=\u00bb{}\u00bb custom_padding__hover=\u00bb|||\u00bb][et_pb_blurb url=\u00bbhttps:\/\/drive.google.com\/file\/d\/1a4N-G6umBUolfvSjvGlWGT1eUvI2hoj_\/view?usp=sharing\u00bb image=\u00bbhttp:\/\/cadiz.salesianos.edu\/colegio\/wp-content\/uploads\/sites\/11\/2023\/05\/Boton-Cuadernillo.jpg\u00bb _builder_version=\u00bb4.19.5&#8243; _module_preset=\u00bbdefault\u00bb global_colors_info=\u00bb{}\u00bb][\/et_pb_blurb][\/et_pb_column][\/et_pb_row][et_pb_row column_structure=\u00bb1_2,1_2&#8243; disabled_on=\u00bbon|on|on\u00bb _builder_version=\u00bb4.16&#8243; _module_preset=\u00bbdefault\u00bb disabled=\u00bbon\u00bb global_colors_info=\u00bb{}\u00bb][et_pb_column type=\u00bb1_2&#8243; _builder_version=\u00bb4.16&#8243; _module_preset=\u00bbdefault\u00bb global_colors_info=\u00bb{}\u00bb][et_pb_text _builder_version=\u00bb4.16&#8243; _module_preset=\u00bbdefault\u00bb global_colors_info=\u00bb{}\u00bb]<\/p>\n<h2>Rellene el Formular\u00edo<\/h2>\n<h6>(Adjuntando documento de pago)<\/h6>\n<p>[\/et_pb_text][et_pb_divider _builder_version=\u00bb4.16&#8243; _module_preset=\u00bbdefault\u00bb global_colors_info=\u00bb{}\u00bb][\/et_pb_divider][et_pb_code _builder_version=\u00bb4.16&#8243; _module_preset=\u00bbdefault\u00bb background_color=\u00bb#dddddd\u00bb text_orientation=\u00bbcenter\u00bb animation_style=\u00bbflip\u00bb border_width_all=\u00bb1px\u00bb border_color_all=\u00bbRGBA(0,0,0,0)\u00bb border_style_all=\u00bbdashed\u00bb box_shadow_style=\u00bbpreset2&#8243; global_colors_info=\u00bb{}\u00bb][contact-form-7 id=\u00bb5053&#8243; title=\u00bbFormulario de contacto\u00bb][\/et_pb_code][\/et_pb_column][et_pb_column type=\u00bb1_2&#8243; _builder_version=\u00bb4.16&#8243; _module_preset=\u00bbdefault\u00bb global_colors_info=\u00bb{}\u00bb][et_pb_divider show_divider=\u00bboff\u00bb _builder_version=\u00bb4.16&#8243; _module_preset=\u00bbdefault\u00bb global_colors_info=\u00bb{}\u00bb][\/et_pb_divider][et_pb_divider show_divider=\u00bboff\u00bb _builder_version=\u00bb4.16&#8243; _module_preset=\u00bbdefault\u00bb global_colors_info=\u00bb{}\u00bb][\/et_pb_divider][et_pb_divider show_divider=\u00bboff\u00bb _builder_version=\u00bb4.16&#8243; _module_preset=\u00bbdefault\u00bb global_colors_info=\u00bb{}\u00bb][\/et_pb_divider][et_pb_divider show_divider=\u00bboff\u00bb _builder_version=\u00bb4.16&#8243; _module_preset=\u00bbdefault\u00bb global_colors_info=\u00bb{}\u00bb][\/et_pb_divider][et_pb_image src=\u00bbhttp:\/\/cadiz.salesianos.edu\/colegio\/wp-content\/uploads\/sites\/11\/2021\/04\/cartero.png\u00bb title_text=\u00bbcartero\u00bb align=\u00bbcenter\u00bb _builder_version=\u00bb4.16&#8243; _module_preset=\u00bbdefault\u00bb global_colors_info=\u00bb{}\u00bb][\/et_pb_image][\/et_pb_column][\/et_pb_row][et_pb_row column_structure=\u00bb2_3,1_3&#8243; disabled_on=\u00bbon|on|on\u00bb _builder_version=\u00bb4.16&#8243; custom_margin=\u00bb25px|||\u00bb custom_padding=\u00bb25px|||\u00bb disabled=\u00bbon\u00bb global_colors_info=\u00bb{}\u00bb][et_pb_column type=\u00bb2_3&#8243; _builder_version=\u00bb4.16&#8243; custom_padding=\u00bb|||\u00bb global_colors_info=\u00bb{}\u00bb custom_padding__hover=\u00bb|||\u00bb][et_pb_text module_class=\u00bbpagina-texto-light\u00bb _builder_version=\u00bb4.16&#8243; text_font=\u00bbLato|300|||||||\u00bb text_text_color=\u00bb#dc001b\u00bb text_font_size=\u00bb30px\u00bb text_line_height=\u00bb1.3em\u00bb custom_margin=\u00bb|||\u00bb custom_padding=\u00bb|||\u00bb global_colors_info=\u00bb{}\u00bb]<\/p>\n<p>Este es nuestro comedor&#8230;<\/p>\n<p>[\/et_pb_text][et_pb_gallery gallery_ids=\u00bb3384,3385,3386,3387,3388,3389,3390,3391,3392,4718,4719,4720,4721,4753&#8243; gallery_orderby=\u00bbrand\u00bb gallery_captions=\u00bb,,,,,,,,,,,,,\u00bb fullwidth=\u00bbon\u00bb _builder_version=\u00bb4.16&#8243; auto=\u00bbon\u00bb global_colors_info=\u00bb{}\u00bb][\/et_pb_gallery][\/et_pb_column][et_pb_column type=\u00bb1_3&#8243; _builder_version=\u00bb4.16&#8243; custom_padding=\u00bb|||\u00bb global_colors_info=\u00bb{}\u00bb custom_padding__hover=\u00bb|||\u00bb][et_pb_text _builder_version=\u00bb4.16&#8243; global_colors_info=\u00bb{}\u00bb]<a href=\"https:\/\/www.es.issworld.com\/nuestros-servicios\/restauracion\/educacion\" target=\"_blank\" rel=\"noopener noreferrer\"><img loading=\"lazy\" decoding=\"async\" class=\"wp-image-4650 alignnone size-full\" src=\"http:\/\/cadiz.salesianos.edu\/colegio\/wp-content\/uploads\/sites\/11\/2021\/01\/iss.png\" alt=\"\" width=\"82\" height=\"71\" \/><\/a><\/p>\n<p><strong>ISS<\/strong> es la <strong>empresa que elabora la comida<\/strong> en nuestra cocina todos los d\u00edas. Aqu\u00ed facilitamos algunos datos de <strong>contacto<\/strong> con la empresa:<\/p>\n<blockquote><p><strong>Concha Ferrando Noguera<\/strong><\/p>\n<p><em>Gestor de Servicio (Restauraci\u00f3n)<\/em><\/p>\n<p><strong>ISS Soluciones de Catering<\/strong><\/p>\n<p>Avda. Comarques del Pa\u00eds Valenci\u00e0, 21<\/p>\n<p>46930 &#8211;\u00a0Quart de Poblet (Valencia)<\/p>\n<p><a href=\"callto:900811600\">900 811 600<\/a> \/ <a href=\"callto:961523015\">961 523 015<\/a> \/\u00a0<a href=\"callto:600929234\">600 929 234<\/a><\/p>\n<p><a href=\"http:\/\/www.iss.es\" target=\"_blank\" rel=\"noopener noreferrer\">www.iss.es<\/a><\/p>\n<p><a href=\"mailto:info@es.issworld.com\">info@es.issworld.com<\/a><\/p><\/blockquote>\n<p>[\/et_pb_text][\/et_pb_column][\/et_pb_row][\/et_pb_section]<\/p>\n","protected":false},"excerpt":{"rendered":"<p>SECUNDARIAAvanzando hacia el futuroRellene el Formular\u00edo (Adjuntando documento de pago)[contact-form-7 id=\u00bb5053&#8243; title=\u00bbFormulario de contacto\u00bb]Este es nuestro comedor&#8230; ISS es la empresa que elabora la comida en nuestra cocina todos los d\u00edas. Aqu\u00ed facilitamos algunos datos de contacto con la empresa: Concha Ferrando Noguera Gestor de Servicio (Restauraci\u00f3n) ISS Soluciones de Catering Avda. Comarques del Pa\u00eds [&hellip;]<\/p>\n","protected":false},"author":5,"featured_media":0,"parent":0,"menu_order":0,"comment_status":"closed","ping_status":"closed","template":"","meta":{"_et_pb_use_builder":"on","_et_pb_old_content":"","_et_gb_content_width":"","footnotes":""},"class_list":["post-5482","page","type-page","status-publish","hentry"],"yoast_head":"<!-- This site is optimized with the Yoast SEO plugin v27.3 - https:\/\/yoast.com\/product\/yoast-seo-wordpress\/ -->\n<title>Matr\u00edcula Virtual Secundaria - Colegio<\/title>\n<meta name=\"robots\" content=\"index, follow, max-snippet:-1, max-image-preview:large, max-video-preview:-1\" \/>\n<link rel=\"canonical\" href=\"https:\/\/cadiz.salesianos.edu\/colegio\/matricula-virtual-secundaria\/\" \/>\n<meta property=\"og:locale\" content=\"es_ES\" \/>\n<meta property=\"og:type\" content=\"article\" \/>\n<meta property=\"og:title\" content=\"Matr\u00edcula Virtual Secundaria - Colegio\" \/>\n<meta property=\"og:description\" content=\"SECUNDARIAAvanzando hacia el futuroRellene el Formular\u00edo (Adjuntando documento de pago)[contact-form-7 id=&quot;5053&quot; title=&quot;Formulario de contacto&quot;]Este es nuestro comedor... ISS es la empresa que elabora la comida en nuestra cocina todos los d\u00edas. Aqu\u00ed facilitamos algunos datos de contacto con la empresa: Concha Ferrando Noguera Gestor de Servicio (Restauraci\u00f3n) ISS Soluciones de Catering Avda. Comarques del Pa\u00eds [&hellip;]\" \/>\n<meta property=\"og:url\" content=\"https:\/\/cadiz.salesianos.edu\/colegio\/matricula-virtual-secundaria\/\" \/>\n<meta property=\"og:site_name\" content=\"Colegio\" \/>\n<meta property=\"article:modified_time\" content=\"2023-06-01T06:36:11+00:00\" \/>\n<meta property=\"og:image\" content=\"http:\/\/cadiz.salesianos.edu\/colegio\/wp-content\/uploads\/sites\/11\/2021\/01\/iss.png\" \/>\n<meta name=\"twitter:card\" content=\"summary_large_image\" \/>\n<meta name=\"twitter:label1\" content=\"Tiempo de lectura\" \/>\n\t<meta name=\"twitter:data1\" content=\"2 minutos\" \/>\n<script type=\"application\/ld+json\" class=\"yoast-schema-graph\">{\"@context\":\"https:\\\/\\\/schema.org\",\"@graph\":[{\"@type\":\"WebPage\",\"@id\":\"https:\\\/\\\/cadiz.salesianos.edu\\\/colegio\\\/matricula-virtual-secundaria\\\/\",\"url\":\"https:\\\/\\\/cadiz.salesianos.edu\\\/colegio\\\/matricula-virtual-secundaria\\\/\",\"name\":\"Matr\u00edcula Virtual Secundaria - Colegio\",\"isPartOf\":{\"@id\":\"https:\\\/\\\/cadiz.salesianos.edu\\\/colegio\\\/#website\"},\"primaryImageOfPage\":{\"@id\":\"https:\\\/\\\/cadiz.salesianos.edu\\\/colegio\\\/matricula-virtual-secundaria\\\/#primaryimage\"},\"image\":{\"@id\":\"https:\\\/\\\/cadiz.salesianos.edu\\\/colegio\\\/matricula-virtual-secundaria\\\/#primaryimage\"},\"thumbnailUrl\":\"http:\\\/\\\/cadiz.salesianos.edu\\\/colegio\\\/wp-content\\\/uploads\\\/sites\\\/11\\\/2021\\\/01\\\/iss.png\",\"datePublished\":\"2022-05-19T07:22:47+00:00\",\"dateModified\":\"2023-06-01T06:36:11+00:00\",\"breadcrumb\":{\"@id\":\"https:\\\/\\\/cadiz.salesianos.edu\\\/colegio\\\/matricula-virtual-secundaria\\\/#breadcrumb\"},\"inLanguage\":\"es\",\"potentialAction\":[{\"@type\":\"ReadAction\",\"target\":[\"https:\\\/\\\/cadiz.salesianos.edu\\\/colegio\\\/matricula-virtual-secundaria\\\/\"]}]},{\"@type\":\"ImageObject\",\"inLanguage\":\"es\",\"@id\":\"https:\\\/\\\/cadiz.salesianos.edu\\\/colegio\\\/matricula-virtual-secundaria\\\/#primaryimage\",\"url\":\"https:\\\/\\\/cadiz.salesianos.edu\\\/colegio\\\/wp-content\\\/uploads\\\/sites\\\/11\\\/2021\\\/01\\\/iss.png\",\"contentUrl\":\"https:\\\/\\\/cadiz.salesianos.edu\\\/colegio\\\/wp-content\\\/uploads\\\/sites\\\/11\\\/2021\\\/01\\\/iss.png\",\"width\":82,\"height\":71},{\"@type\":\"BreadcrumbList\",\"@id\":\"https:\\\/\\\/cadiz.salesianos.edu\\\/colegio\\\/matricula-virtual-secundaria\\\/#breadcrumb\",\"itemListElement\":[{\"@type\":\"ListItem\",\"position\":1,\"name\":\"Portada\",\"item\":\"https:\\\/\\\/cadiz.salesianos.edu\\\/colegio\\\/\"},{\"@type\":\"ListItem\",\"position\":2,\"name\":\"Matr\u00edcula Virtual Secundaria\"}]},{\"@type\":\"WebSite\",\"@id\":\"https:\\\/\\\/cadiz.salesianos.edu\\\/colegio\\\/#website\",\"url\":\"https:\\\/\\\/cadiz.salesianos.edu\\\/colegio\\\/\",\"name\":\"Colegio\",\"description\":\"P\u00e1gina oficial Salesianos C\u00e1diz\",\"potentialAction\":[{\"@type\":\"SearchAction\",\"target\":{\"@type\":\"EntryPoint\",\"urlTemplate\":\"https:\\\/\\\/cadiz.salesianos.edu\\\/colegio\\\/?s={search_term_string}\"},\"query-input\":{\"@type\":\"PropertyValueSpecification\",\"valueRequired\":true,\"valueName\":\"search_term_string\"}}],\"inLanguage\":\"es\"}]}<\/script>\n<!-- \/ Yoast SEO plugin. -->","yoast_head_json":{"title":"Matr\u00edcula Virtual Secundaria - Colegio","robots":{"index":"index","follow":"follow","max-snippet":"max-snippet:-1","max-image-preview":"max-image-preview:large","max-video-preview":"max-video-preview:-1"},"canonical":"https:\/\/cadiz.salesianos.edu\/colegio\/matricula-virtual-secundaria\/","og_locale":"es_ES","og_type":"article","og_title":"Matr\u00edcula Virtual Secundaria - Colegio","og_description":"SECUNDARIAAvanzando hacia el futuroRellene el Formular\u00edo (Adjuntando documento de pago)[contact-form-7 id=\"5053\" title=\"Formulario de contacto\"]Este es nuestro comedor... ISS es la empresa que elabora la comida en nuestra cocina todos los d\u00edas. Aqu\u00ed facilitamos algunos datos de contacto con la empresa: Concha Ferrando Noguera Gestor de Servicio (Restauraci\u00f3n) ISS Soluciones de Catering Avda. Comarques del Pa\u00eds [&hellip;]","og_url":"https:\/\/cadiz.salesianos.edu\/colegio\/matricula-virtual-secundaria\/","og_site_name":"Colegio","article_modified_time":"2023-06-01T06:36:11+00:00","og_image":[{"url":"http:\/\/cadiz.salesianos.edu\/colegio\/wp-content\/uploads\/sites\/11\/2021\/01\/iss.png","type":"","width":"","height":""}],"twitter_card":"summary_large_image","twitter_misc":{"Tiempo de lectura":"2 minutos"},"schema":{"@context":"https:\/\/schema.org","@graph":[{"@type":"WebPage","@id":"https:\/\/cadiz.salesianos.edu\/colegio\/matricula-virtual-secundaria\/","url":"https:\/\/cadiz.salesianos.edu\/colegio\/matricula-virtual-secundaria\/","name":"Matr\u00edcula Virtual Secundaria - Colegio","isPartOf":{"@id":"https:\/\/cadiz.salesianos.edu\/colegio\/#website"},"primaryImageOfPage":{"@id":"https:\/\/cadiz.salesianos.edu\/colegio\/matricula-virtual-secundaria\/#primaryimage"},"image":{"@id":"https:\/\/cadiz.salesianos.edu\/colegio\/matricula-virtual-secundaria\/#primaryimage"},"thumbnailUrl":"http:\/\/cadiz.salesianos.edu\/colegio\/wp-content\/uploads\/sites\/11\/2021\/01\/iss.png","datePublished":"2022-05-19T07:22:47+00:00","dateModified":"2023-06-01T06:36:11+00:00","breadcrumb":{"@id":"https:\/\/cadiz.salesianos.edu\/colegio\/matricula-virtual-secundaria\/#breadcrumb"},"inLanguage":"es","potentialAction":[{"@type":"ReadAction","target":["https:\/\/cadiz.salesianos.edu\/colegio\/matricula-virtual-secundaria\/"]}]},{"@type":"ImageObject","inLanguage":"es","@id":"https:\/\/cadiz.salesianos.edu\/colegio\/matricula-virtual-secundaria\/#primaryimage","url":"https:\/\/cadiz.salesianos.edu\/colegio\/wp-content\/uploads\/sites\/11\/2021\/01\/iss.png","contentUrl":"https:\/\/cadiz.salesianos.edu\/colegio\/wp-content\/uploads\/sites\/11\/2021\/01\/iss.png","width":82,"height":71},{"@type":"BreadcrumbList","@id":"https:\/\/cadiz.salesianos.edu\/colegio\/matricula-virtual-secundaria\/#breadcrumb","itemListElement":[{"@type":"ListItem","position":1,"name":"Portada","item":"https:\/\/cadiz.salesianos.edu\/colegio\/"},{"@type":"ListItem","position":2,"name":"Matr\u00edcula Virtual Secundaria"}]},{"@type":"WebSite","@id":"https:\/\/cadiz.salesianos.edu\/colegio\/#website","url":"https:\/\/cadiz.salesianos.edu\/colegio\/","name":"Colegio","description":"P\u00e1gina oficial Salesianos C\u00e1diz","potentialAction":[{"@type":"SearchAction","target":{"@type":"EntryPoint","urlTemplate":"https:\/\/cadiz.salesianos.edu\/colegio\/?s={search_term_string}"},"query-input":{"@type":"PropertyValueSpecification","valueRequired":true,"valueName":"search_term_string"}}],"inLanguage":"es"}]}},"_links":{"self":[{"href":"https:\/\/cadiz.salesianos.edu\/colegio\/wp-json\/wp\/v2\/pages\/5482","targetHints":{"allow":["GET"]}}],"collection":[{"href":"https:\/\/cadiz.salesianos.edu\/colegio\/wp-json\/wp\/v2\/pages"}],"about":[{"href":"https:\/\/cadiz.salesianos.edu\/colegio\/wp-json\/wp\/v2\/types\/page"}],"author":[{"embeddable":true,"href":"https:\/\/cadiz.salesianos.edu\/colegio\/wp-json\/wp\/v2\/users\/5"}],"replies":[{"embeddable":true,"href":"https:\/\/cadiz.salesianos.edu\/colegio\/wp-json\/wp\/v2\/comments?post=5482"}],"version-history":[{"count":7,"href":"https:\/\/cadiz.salesianos.edu\/colegio\/wp-json\/wp\/v2\/pages\/5482\/revisions"}],"predecessor-version":[{"id":6188,"href":"https:\/\/cadiz.salesianos.edu\/colegio\/wp-json\/wp\/v2\/pages\/5482\/revisions\/6188"}],"wp:attachment":[{"href":"https:\/\/cadiz.salesianos.edu\/colegio\/wp-json\/wp\/v2\/media?parent=5482"}],"curies":[{"name":"wp","href":"https:\/\/api.w.org\/{rel}","templated":true}]}}