{"id":4786,"date":"2021-03-18T12:57:07","date_gmt":"2021-03-18T11:57:07","guid":{"rendered":"https:\/\/cadiz.salesianos.edu\/colegio\/?page_id=4786"},"modified":"2024-01-19T19:26:38","modified_gmt":"2024-01-19T18:26:38","slug":"prurilinguismo","status":"publish","type":"page","link":"https:\/\/cadiz.salesianos.edu\/colegio\/prurilinguismo\/","title":{"rendered":"prurilinguismo"},"content":{"rendered":"<p>[et_pb_section fb_built=\u00bb1&#8243; fullwidth=\u00bbon\u00bb admin_label=\u00bbSecci\u00f3n\u00bb _builder_version=\u00bb4.16&#8243; global_colors_info=\u00bb{}\u00bb][et_pb_fullwidth_header title_font_color=\u00bb#ffffff\u00bb admin_label=\u00bbT\u00edtulo de anchura completa\u00bb module_class=\u00bbpagina-imagen-cabecera\u00bb _builder_version=\u00bb4.19.5&#8243; title_text_color=\u00bb#ffffff\u00bb title_font_size=\u00bb40px\u00bb background_color=\u00bbrgba(255,255,255,0)\u00bb background_image=\u00bbhttp:\/\/cadiz.salesianos.edu\/colegio\/wp-content\/uploads\/sites\/11\/2023\/04\/CENTRO-PLURILINGUE1.jpg\u00bb background_layout=\u00bblight\u00bb min_height=\u00bb327px\u00bb custom_padding=\u00bb||147px|||\u00bb background_url=\u00bbhttp:\/\/cadiz.salesianos.edu\/colegio\/wp-content\/uploads\/sites\/11\/2021\/03\/Archivo_002-2-scaled.jpeg\u00bb global_colors_info=\u00bb{}\u00bb button_one_text_size__hover_enabled=\u00bboff\u00bb button_two_text_size__hover_enabled=\u00bboff\u00bb button_one_text_color__hover_enabled=\u00bboff\u00bb button_two_text_color__hover_enabled=\u00bboff\u00bb button_one_border_width__hover_enabled=\u00bboff\u00bb button_two_border_width__hover_enabled=\u00bboff\u00bb button_one_border_color__hover_enabled=\u00bboff\u00bb button_two_border_color__hover_enabled=\u00bboff\u00bb button_one_border_radius__hover_enabled=\u00bboff\u00bb button_two_border_radius__hover_enabled=\u00bboff\u00bb button_one_letter_spacing__hover_enabled=\u00bboff\u00bb button_two_letter_spacing__hover_enabled=\u00bboff\u00bb button_one_bg_color__hover_enabled=\u00bboff\u00bb button_two_bg_color__hover_enabled=\u00bboff\u00bb][\/et_pb_fullwidth_header][\/et_pb_section][et_pb_section fb_built=\u00bb1&#8243; admin_label=\u00bbSecci\u00f3n\u00bb module_class=\u00bbpagina-seccion-contenido\u00bb _builder_version=\u00bb4.16&#8243; custom_padding=\u00bb0px|0px|39px|0px\u00bb global_colors_info=\u00bb{}\u00bb][et_pb_row column_structure=\u00bb2_3,1_3&#8243; _builder_version=\u00bb4.16&#8243; custom_margin=\u00bb25px|||\u00bb custom_padding=\u00bb30px|0px||0px\u00bb global_colors_info=\u00bb{}\u00bb][et_pb_column type=\u00bb2_3&#8243; _builder_version=\u00bb4.16&#8243; custom_padding=\u00bb|||\u00bb global_colors_info=\u00bb{}\u00bb custom_padding__hover=\u00bb|||\u00bb][et_pb_testimonial author=\u00bbCristina Alonso\u00bb job_title=\u00bbCoordinadora de Pluriling\u00fcismo\u00bb portrait_url=\u00bbhttp:\/\/cadiz.salesianos.edu\/colegio\/wp-content\/uploads\/sites\/11\/2023\/02\/Cristina-Alonso.jpeg\u00bb _builder_version=\u00bb4.19.5&#8243; custom_padding=\u00bb40px|||\u00bb box_shadow_style=\u00bbpreset3&#8243; global_colors_info=\u00bb{}\u00bb]<\/p>\n<h2 style=\"text-align: justify;\">Saludo de la coordinadora<\/h2>\n<p>Estimadas familias,<\/p>\n<p>Actualmente, en el mundo globalizado en el que vivimos, el aprendizaje de idiomas se ha convertido en una prioridad tanto para familias como para docentes. Es una necesidad que nuestros ni\u00f1os y j\u00f3venes adquieran, a lo largo de su proceso de escolarizaci\u00f3n, una mayor competencia ling\u00fc\u00edstica en al menos dos de las lenguas de la Uni\u00f3n Europea.<\/p>\n<p>El aprendizaje de idiomas con lleva\u00a0 y favorece la apertura a otras culturas, el acceso a m\u00e1s y mejores oportunidades y multiplica las posibilidades de \u00e9xito profesional y de realizaci\u00f3n personal. Es, al fin y al cabo, una apuesta por la comunicaci\u00f3n humana en un planeta m\u00e1s interconectado que nunca.<\/p>\n<p>En nuestro centro, aceptamos con entusiasmo este reto en todas las etapas dise\u00f1ando y facilitando programas y actividades pluriling\u00fces, en los que la diversidad nacional e internacional son protagonistas. Desde la preparaci\u00f3n y celebraci\u00f3n de ex\u00e1menes oficiales de Cambridge, actividades de intercambio con pa\u00edses europeos (concretamente Francia), presencia de asistentes de conversaci\u00f3n nativos, opci\u00f3n al bachillerato dual (espa\u00f1ol-americano), estancias de inmersi\u00f3n ling\u00fc\u00edstica, desarrollo de proyectos Erasmus +, asesoramiento en materia de pluriling\u00fcismo y muchas otras actividades ya consolidadas y otras tantas por venir; crecer en pluriling\u00fcismo es una l\u00ednea prioritaria.<\/p>\n<p>Esta apuesta por el pluriling\u00fcismo se concreta actualmente en torno a la lengua castellana, francesa e inglesa, siendo a la vez una invitaci\u00f3n a seguir perfeccionando \u00e9stas y otras lenguas despu\u00e9s de haber dejado nuestro centro como parte natural de la formaci\u00f3n integral de la persona.<\/p>\n<p>Desde nuestra web, as\u00ed como a trav\u00e9s de la plataforma Qualitas Educativa os iremos informando de todas estas oportunidades y actividades y compartiremos con vosotros, en la secci\u00f3n de noticias, la cr\u00f3nica de las actividades que se vayan realizando.<\/p>\n<p>Quedo a vuestra disposici\u00f3n en mi correo cristinaalonso@cadiz.salesianos.edu, o en la propia plataforma Qualitas\u00a0 si ya sois miembros de nuestra comunidad educativa.<\/p>\n<p>&nbsp;<\/p>\n<p>[\/et_pb_testimonial][\/et_pb_column][et_pb_column type=\u00bb1_3&#8243; _builder_version=\u00bb4.16&#8243; custom_padding=\u00bb|||\u00bb global_colors_info=\u00bb{}\u00bb custom_padding__hover=\u00bb|||\u00bb][et_pb_text module_class=\u00bbpagina-texto-light\u00bb _builder_version=\u00bb4.16&#8243; header_font=\u00bbLato|300|||||||\u00bb header_font_size=\u00bb38px\u00bb header_2_font=\u00bbLato|300|||||||\u00bb header_2_font_size=\u00bb36px\u00bb custom_margin=\u00bb|||\u00bb custom_padding=\u00bb25px||10px|\u00bb global_colors_info=\u00bb{}\u00bb]<\/p>\n<h2>Elige idioma&#8230;<\/h2>\n<p>[\/et_pb_text][et_pb_divider show_divider=\u00bboff\u00bb _builder_version=\u00bb4.16&#8243; global_colors_info=\u00bb{}\u00bb][\/et_pb_divider][et_pb_image src=\u00bbhttp:\/\/cadiz.salesianos.edu\/colegio\/wp-content\/uploads\/sites\/11\/2021\/03\/plurilinguismo_bandera_ingles-min.png\u00bb alt=\u00bbIngl\u00e9s\u00bb title_text=\u00bbIngl\u00e9s\u00bb align_tablet=\u00bbcenter\u00bb align_phone=\u00bb\u00bb align_last_edited=\u00bbon|desktop\u00bb _builder_version=\u00bb4.19.5&#8243; box_shadow_style=\u00bbpreset3&#8243; box_shadow_vertical=\u00bb-12px\u00bb global_colors_info=\u00bb{}\u00bb][\/et_pb_image][et_pb_divider show_divider=\u00bboff\u00bb _builder_version=\u00bb4.16&#8243; global_colors_info=\u00bb{}\u00bb][\/et_pb_divider][et_pb_image src=\u00bbhttp:\/\/cadiz.salesianos.edu\/colegio\/wp-content\/uploads\/sites\/11\/2021\/03\/plurilinguismo_bandera_frances-min.png\u00bb alt=\u00bbFranc\u00e9s\u00bb title_text=\u00bbFranc\u00e9s\u00bb align_tablet=\u00bbcenter\u00bb align_phone=\u00bb\u00bb align_last_edited=\u00bbon|desktop\u00bb _builder_version=\u00bb4.16&#8243; box_shadow_style=\u00bbpreset3&#8243; box_shadow_vertical=\u00bb-12px\u00bb global_colors_info=\u00bb{}\u00bb][\/et_pb_image][et_pb_divider show_divider=\u00bboff\u00bb _builder_version=\u00bb4.16&#8243; global_colors_info=\u00bb{}\u00bb][\/et_pb_divider][et_pb_image src=\u00bbhttp:\/\/cadiz.salesianos.edu\/colegio\/wp-content\/uploads\/sites\/11\/2024\/01\/Erasmus-G.Medio_.jpg\u00bb alt=\u00bbFranc\u00e9s\u00bb title_text=\u00bbErasmus G.Medio\u00bb url=\u00bbhttps:\/\/cadiz.salesianos.edu\/erasmus\/\u00bb align_tablet=\u00bbcenter\u00bb align_phone=\u00bb\u00bb align_last_edited=\u00bbon|desktop\u00bb _builder_version=\u00bb4.23.4&#8243; box_shadow_style=\u00bbpreset3&#8243; box_shadow_vertical=\u00bb-12px\u00bb global_colors_info=\u00bb{}\u00bb][\/et_pb_image][\/et_pb_column][\/et_pb_row][et_pb_row _builder_version=\u00bb4.23.4&#8243; _module_preset=\u00bbdefault\u00bb global_colors_info=\u00bb{}\u00bb][et_pb_column type=\u00bb4_4&#8243; _builder_version=\u00bb4.23.4&#8243; _module_preset=\u00bbdefault\u00bb global_colors_info=\u00bb{}\u00bb][et_pb_text module_class=\u00bbpagina-texto-light\u00bb _builder_version=\u00bb4.23.4&#8243; header_font=\u00bbLato|300|||||||\u00bb header_font_size=\u00bb38px\u00bb header_2_font=\u00bbLato|300|||||||\u00bb header_2_font_size=\u00bb36px\u00bb custom_margin=\u00bb|||\u00bb custom_padding=\u00bb25px||10px|\u00bb locked=\u00bboff\u00bb global_colors_info=\u00bb{}\u00bb]<\/p>\n<h2><strong>Proyecto \u00abFrom my window I see\u00bb<\/strong><\/h2>\n<p>[\/et_pb_text][\/et_pb_column][\/et_pb_row][et_pb_row column_structure=\u00bb1_2,1_2&#8243; _builder_version=\u00bb4.23.4&#8243; _module_preset=\u00bbdefault\u00bb global_colors_info=\u00bb{}\u00bb][et_pb_column type=\u00bb1_2&#8243; _builder_version=\u00bb4.23.4&#8243; _module_preset=\u00bbdefault\u00bb global_colors_info=\u00bb{}\u00bb][et_pb_image src=\u00bbhttp:\/\/cadiz.salesianos.edu\/colegio\/wp-content\/uploads\/sites\/11\/2024\/01\/Cartel-From-My-Window-I-See_page-0001.jpg\u00bb title_text=\u00bbCartel From My Window I See_page-0001&#8243; _builder_version=\u00bb4.23.4&#8243; _module_preset=\u00bbdefault\u00bb height=\u00bb699px\u00bb border_radii=\u00bbon|20px|20px|20px|20px\u00bb global_colors_info=\u00bb{}\u00bb][\/et_pb_image][\/et_pb_column][et_pb_column type=\u00bb1_2&#8243; _builder_version=\u00bb4.23.4&#8243; _module_preset=\u00bbdefault\u00bb global_colors_info=\u00bb{}\u00bb][et_pb_text _builder_version=\u00bb4.23.4&#8243; _module_preset=\u00bbdefault\u00bb hover_enabled=\u00bb0&#8243; global_colors_info=\u00bb{}\u00bb sticky_enabled=\u00bb0&#8243;]<\/p>\n<h2 style=\"text-align: justify;\"><strong>\u201cFrom my window I see\u201d<\/strong><\/h2>\n<h3 style=\"text-align: justify;\"><span style=\"color: #000000;\">El alumnado de 1\u00ba de ESO participa durante el mes de Enero en la actividad \u201cFrom my window I see\u201d promovida por las asignaturas de Ingl\u00e9s y Ed. Pl\u00e1stica en la que intercambiar\u00e1n postales con el colegio D. Bosco Sint Pieters de Gante.\u00a0 <\/span><\/h3>\n<h3 style=\"text-align: justify;\"><span style=\"color: #000000;\">El alumnado dise\u00f1a una postal; en un lado, dibuja un paisaje de lo que ven desde su ventana o cualquier otro paisaje de su ciudad, en el otro, escriben una breve descripci\u00f3n en Ingl\u00e9s.\u00a0 A principios de Febrero enviaremos las postales al colegio de Gante y recibiremos las de nuestros compa\u00f1eros belgas. <\/span><\/h3>\n<h3 style=\"text-align: justify;\"><span style=\"color: #000000;\">El proyecto forma parte del plan de internacionalizaci\u00f3n de la casa que incluye la solicitud y realizaci\u00f3n de proyectos Erasmus+ de movilidad e intercambio de alumnado y profesorado\u00a0 en primaria y secundaria. <\/span><\/h3>\n<p>[\/et_pb_text][et_pb_image src=\u00bbhttp:\/\/cadiz.salesianos.edu\/colegio\/wp-content\/uploads\/sites\/11\/2024\/01\/FromMy.jpg\u00bb title_text=\u00bbFromMy\u00bb _builder_version=\u00bb4.23.4&#8243; _module_preset=\u00bbdefault\u00bb global_colors_info=\u00bb{}\u00bb][\/et_pb_image][et_pb_image src=\u00bbhttp:\/\/cadiz.salesianos.edu\/colegio\/wp-content\/uploads\/sites\/11\/2024\/01\/DBTECH.jpg\u00bb title_text=\u00bbDBTECH\u00bb _builder_version=\u00bb4.23.4&#8243; _module_preset=\u00bbdefault\u00bb global_colors_info=\u00bb{}\u00bb][\/et_pb_image][\/et_pb_column][\/et_pb_row][et_pb_row module_class=\u00bb et_pb_row_fullwidth\u00bb _builder_version=\u00bb4.16&#8243; width=\u00bb94%\u00bb width_tablet=\u00bb80%\u00bb width_phone=\u00bb\u00bb width_last_edited=\u00bbon|desktop\u00bb max_width=\u00bb94%\u00bb max_width_tablet=\u00bb80%\u00bb max_width_phone=\u00bb\u00bb max_width_last_edited=\u00bbon|desktop\u00bb custom_padding=\u00bb81px|0px|39px|0px\u00bb make_fullwidth=\u00bbon\u00bb global_colors_info=\u00bb{}\u00bb][et_pb_column type=\u00bb4_4&#8243; _builder_version=\u00bb4.16&#8243; custom_padding=\u00bb|||\u00bb global_colors_info=\u00bb{}\u00bb custom_padding__hover=\u00bb|||\u00bb][et_pb_text module_class=\u00bbpagina-texto-light\u00bb _builder_version=\u00bb4.16&#8243; text_font=\u00bbCalligraffitti||||\u00bb text_font_size=\u00bb40px\u00bb text_line_height=\u00bb1.4em\u00bb text_orientation=\u00bbcenter\u00bb custom_margin=\u00bb|||\u00bb custom_margin_last_edited=\u00bboff|desktop\u00bb global_colors_info=\u00bb{}\u00bb]\u00bbLos l\u00edmites de mi lenguaje son los l\u00edmites de mi mundo\u00bb[\/et_pb_text][et_pb_text module_class=\u00bbpagina-texto-light\u00bb _builder_version=\u00bb4.16&#8243; text_font=\u00bbCalligraffitti||||\u00bb text_text_color=\u00bb#606060&#8243; text_font_size=\u00bb26px\u00bb text_line_height=\u00bb1.4em\u00bb text_orientation=\u00bbcenter\u00bb global_colors_info=\u00bb{}\u00bb]- Ludwig Wittgenstein[\/et_pb_text][\/et_pb_column][\/et_pb_row][et_pb_row column_structure=\u00bb1_2,1_2&#8243; _builder_version=\u00bb4.16&#8243; global_colors_info=\u00bb{}\u00bb][et_pb_column type=\u00bb1_2&#8243; _builder_version=\u00bb4.16&#8243; global_colors_info=\u00bb{}\u00bb][et_pb_text _builder_version=\u00bb4.16&#8243; _module_preset=\u00bbdefault\u00bb global_colors_info=\u00bb{}\u00bb]<\/p>\n<h1><span>EX\u00c1MENES OFICIALES CAMBRIDGE<\/span><\/h1>\n<p style=\"text-align: justify;\"><span>Acreditar de manera oficial los progresos del alumnado en los idiomas que estudian es una de nuestras prioridades. Por ellos, desde hace varios a\u00f1os nuestro colegio se ha convertido en centro preparador de ex\u00e1menes de Cambridge, y todos los a\u00f1os un grupo de alumnos se examinan, de forma oficial, en nuestro propio centro. Se trata de una manera de acercar a los alumnos los prestigiosos ex\u00e1menes de Cambridge en un entorno cercano y familiar.<\/span><\/p>\n<p>[\/et_pb_text][\/et_pb_column][et_pb_column type=\u00bb1_2&#8243; _builder_version=\u00bb4.16&#8243; global_colors_info=\u00bb{}\u00bb][et_pb_image src=\u00bbhttp:\/\/cadiz.salesianos.edu\/colegio\/wp-content\/uploads\/sites\/11\/2021\/03\/ingles_centro_examinador_cambridge.png\u00bb alt=\u00bbCentro examinador de Cambridge\u00bb title_text=\u00bbCentro examinador de Cambridge\u00bb url=\u00bbhttp:\/\/www.cambridgeenglish.org\/es\/\u00bb _builder_version=\u00bb4.16&#8243; custom_margin=\u00bb19px||||false|false\u00bb custom_padding=\u00bb19px|||||\u00bb global_colors_info=\u00bb{}\u00bb][\/et_pb_image][\/et_pb_column][\/et_pb_row][\/et_pb_section]<\/p>\n","protected":false},"excerpt":{"rendered":"<p>Saludo de la coordinadora Estimadas familias, Actualmente, en el mundo globalizado en el que vivimos, el aprendizaje de idiomas se ha convertido en una prioridad tanto para familias como para docentes. Es una necesidad que nuestros ni\u00f1os y j\u00f3venes adquieran, a lo largo de su proceso de escolarizaci\u00f3n, una mayor competencia ling\u00fc\u00edstica en al menos [&hellip;]<\/p>\n","protected":false},"author":5,"featured_media":0,"parent":0,"menu_order":0,"comment_status":"closed","ping_status":"closed","template":"","meta":{"_et_pb_use_builder":"on","_et_pb_old_content":"","_et_gb_content_width":"","footnotes":""},"class_list":["post-4786","page","type-page","status-publish","hentry"],"yoast_head":"<!-- This site is optimized with the Yoast SEO plugin v27.4 - https:\/\/yoast.com\/product\/yoast-seo-wordpress\/ -->\n<title>prurilinguismo - Colegio<\/title>\n<meta name=\"robots\" content=\"index, follow, max-snippet:-1, max-image-preview:large, max-video-preview:-1\" \/>\n<link rel=\"canonical\" href=\"https:\/\/cadiz.salesianos.edu\/colegio\/prurilinguismo\/\" \/>\n<meta property=\"og:locale\" content=\"es_ES\" \/>\n<meta property=\"og:type\" content=\"article\" \/>\n<meta property=\"og:title\" content=\"prurilinguismo - Colegio\" \/>\n<meta property=\"og:description\" content=\"Saludo de la coordinadora Estimadas familias, Actualmente, en el mundo globalizado en el que vivimos, el aprendizaje de idiomas se ha convertido en una prioridad tanto para familias como para docentes. Es una necesidad que nuestros ni\u00f1os y j\u00f3venes adquieran, a lo largo de su proceso de escolarizaci\u00f3n, una mayor competencia ling\u00fc\u00edstica en al menos [&hellip;]\" \/>\n<meta property=\"og:url\" content=\"https:\/\/cadiz.salesianos.edu\/colegio\/prurilinguismo\/\" \/>\n<meta property=\"og:site_name\" content=\"Colegio\" \/>\n<meta property=\"article:modified_time\" content=\"2024-01-19T18:26:38+00:00\" \/>\n<meta name=\"twitter:card\" content=\"summary_large_image\" \/>\n<meta name=\"twitter:label1\" content=\"Tiempo de lectura\" \/>\n\t<meta name=\"twitter:data1\" content=\"3 minutos\" \/>\n<script type=\"application\/ld+json\" class=\"yoast-schema-graph\">{\"@context\":\"https:\\\/\\\/schema.org\",\"@graph\":[{\"@type\":\"WebPage\",\"@id\":\"https:\\\/\\\/cadiz.salesianos.edu\\\/colegio\\\/prurilinguismo\\\/\",\"url\":\"https:\\\/\\\/cadiz.salesianos.edu\\\/colegio\\\/prurilinguismo\\\/\",\"name\":\"prurilinguismo - Colegio\",\"isPartOf\":{\"@id\":\"https:\\\/\\\/cadiz.salesianos.edu\\\/colegio\\\/#website\"},\"datePublished\":\"2021-03-18T11:57:07+00:00\",\"dateModified\":\"2024-01-19T18:26:38+00:00\",\"breadcrumb\":{\"@id\":\"https:\\\/\\\/cadiz.salesianos.edu\\\/colegio\\\/prurilinguismo\\\/#breadcrumb\"},\"inLanguage\":\"es\",\"potentialAction\":[{\"@type\":\"ReadAction\",\"target\":[\"https:\\\/\\\/cadiz.salesianos.edu\\\/colegio\\\/prurilinguismo\\\/\"]}]},{\"@type\":\"BreadcrumbList\",\"@id\":\"https:\\\/\\\/cadiz.salesianos.edu\\\/colegio\\\/prurilinguismo\\\/#breadcrumb\",\"itemListElement\":[{\"@type\":\"ListItem\",\"position\":1,\"name\":\"Portada\",\"item\":\"https:\\\/\\\/cadiz.salesianos.edu\\\/colegio\\\/\"},{\"@type\":\"ListItem\",\"position\":2,\"name\":\"prurilinguismo\"}]},{\"@type\":\"WebSite\",\"@id\":\"https:\\\/\\\/cadiz.salesianos.edu\\\/colegio\\\/#website\",\"url\":\"https:\\\/\\\/cadiz.salesianos.edu\\\/colegio\\\/\",\"name\":\"Colegio\",\"description\":\"P\u00e1gina oficial Salesianos C\u00e1diz\",\"potentialAction\":[{\"@type\":\"SearchAction\",\"target\":{\"@type\":\"EntryPoint\",\"urlTemplate\":\"https:\\\/\\\/cadiz.salesianos.edu\\\/colegio\\\/?s={search_term_string}\"},\"query-input\":{\"@type\":\"PropertyValueSpecification\",\"valueRequired\":true,\"valueName\":\"search_term_string\"}}],\"inLanguage\":\"es\"}]}<\/script>\n<!-- \/ Yoast SEO plugin. -->","yoast_head_json":{"title":"prurilinguismo - Colegio","robots":{"index":"index","follow":"follow","max-snippet":"max-snippet:-1","max-image-preview":"max-image-preview:large","max-video-preview":"max-video-preview:-1"},"canonical":"https:\/\/cadiz.salesianos.edu\/colegio\/prurilinguismo\/","og_locale":"es_ES","og_type":"article","og_title":"prurilinguismo - Colegio","og_description":"Saludo de la coordinadora Estimadas familias, Actualmente, en el mundo globalizado en el que vivimos, el aprendizaje de idiomas se ha convertido en una prioridad tanto para familias como para docentes. Es una necesidad que nuestros ni\u00f1os y j\u00f3venes adquieran, a lo largo de su proceso de escolarizaci\u00f3n, una mayor competencia ling\u00fc\u00edstica en al menos [&hellip;]","og_url":"https:\/\/cadiz.salesianos.edu\/colegio\/prurilinguismo\/","og_site_name":"Colegio","article_modified_time":"2024-01-19T18:26:38+00:00","twitter_card":"summary_large_image","twitter_misc":{"Tiempo de lectura":"3 minutos"},"schema":{"@context":"https:\/\/schema.org","@graph":[{"@type":"WebPage","@id":"https:\/\/cadiz.salesianos.edu\/colegio\/prurilinguismo\/","url":"https:\/\/cadiz.salesianos.edu\/colegio\/prurilinguismo\/","name":"prurilinguismo - Colegio","isPartOf":{"@id":"https:\/\/cadiz.salesianos.edu\/colegio\/#website"},"datePublished":"2021-03-18T11:57:07+00:00","dateModified":"2024-01-19T18:26:38+00:00","breadcrumb":{"@id":"https:\/\/cadiz.salesianos.edu\/colegio\/prurilinguismo\/#breadcrumb"},"inLanguage":"es","potentialAction":[{"@type":"ReadAction","target":["https:\/\/cadiz.salesianos.edu\/colegio\/prurilinguismo\/"]}]},{"@type":"BreadcrumbList","@id":"https:\/\/cadiz.salesianos.edu\/colegio\/prurilinguismo\/#breadcrumb","itemListElement":[{"@type":"ListItem","position":1,"name":"Portada","item":"https:\/\/cadiz.salesianos.edu\/colegio\/"},{"@type":"ListItem","position":2,"name":"prurilinguismo"}]},{"@type":"WebSite","@id":"https:\/\/cadiz.salesianos.edu\/colegio\/#website","url":"https:\/\/cadiz.salesianos.edu\/colegio\/","name":"Colegio","description":"P\u00e1gina oficial Salesianos C\u00e1diz","potentialAction":[{"@type":"SearchAction","target":{"@type":"EntryPoint","urlTemplate":"https:\/\/cadiz.salesianos.edu\/colegio\/?s={search_term_string}"},"query-input":{"@type":"PropertyValueSpecification","valueRequired":true,"valueName":"search_term_string"}}],"inLanguage":"es"}]}},"_links":{"self":[{"href":"https:\/\/cadiz.salesianos.edu\/colegio\/wp-json\/wp\/v2\/pages\/4786","targetHints":{"allow":["GET"]}}],"collection":[{"href":"https:\/\/cadiz.salesianos.edu\/colegio\/wp-json\/wp\/v2\/pages"}],"about":[{"href":"https:\/\/cadiz.salesianos.edu\/colegio\/wp-json\/wp\/v2\/types\/page"}],"author":[{"embeddable":true,"href":"https:\/\/cadiz.salesianos.edu\/colegio\/wp-json\/wp\/v2\/users\/5"}],"replies":[{"embeddable":true,"href":"https:\/\/cadiz.salesianos.edu\/colegio\/wp-json\/wp\/v2\/comments?post=4786"}],"version-history":[{"count":21,"href":"https:\/\/cadiz.salesianos.edu\/colegio\/wp-json\/wp\/v2\/pages\/4786\/revisions"}],"predecessor-version":[{"id":6407,"href":"https:\/\/cadiz.salesianos.edu\/colegio\/wp-json\/wp\/v2\/pages\/4786\/revisions\/6407"}],"wp:attachment":[{"href":"https:\/\/cadiz.salesianos.edu\/colegio\/wp-json\/wp\/v2\/media?parent=4786"}],"curies":[{"name":"wp","href":"https:\/\/api.w.org\/{rel}","templated":true}]}}