{"id":4555,"date":"2021-02-11T20:21:31","date_gmt":"2021-02-11T19:21:31","guid":{"rendered":"https:\/\/cadiz.salesianos.edu\/colegio\/?page_id=4555"},"modified":"2026-04-09T18:44:50","modified_gmt":"2026-04-09T16:44:50","slug":"salud","status":"publish","type":"page","link":"https:\/\/cadiz.salesianos.edu\/colegio\/salud\/","title":{"rendered":"salud"},"content":{"rendered":"<p>[et_pb_section fb_built=\u00bb1&#8243; fullwidth=\u00bbon\u00bb _builder_version=\u00bb4.16&#8243; global_colors_info=\u00bb{}\u00bb][et_pb_fullwidth_header title=\u00bb Salud y Primeros Auxilios\u00bb title_font_color=\u00bb#ffffff\u00bb module_class=\u00bbpagina-imagen-cabecera\u00bb _builder_version=\u00bb4.16&#8243; title_font=\u00bbLato||||||||\u00bb title_text_color=\u00bb#ffffff\u00bb title_font_size=\u00bb40px\u00bb background_color=\u00bbrgba(255,255,255,0)\u00bb background_image=\u00bbhttp:\/\/cadiz.salesianos.edu\/colegio\/wp-content\/uploads\/sites\/11\/2021\/02\/enfermeria.jpg\u00bb custom_button_one=\u00bbon\u00bb button_one_text_color=\u00bb#ffffff\u00bb button_one_bg_color=\u00bb#dc001b\u00bb button_one_border_width=\u00bb0px\u00bb button_one_font=\u00bb||||||||\u00bb background_layout=\u00bblight\u00bb max_width_tablet=\u00bb50px\u00bb box_shadow_style_button_one=\u00bbpreset3&#8243; background_url=\u00bbhttps:\/\/alicante.salesianos.edu\/colegio\/wp-content\/uploads\/sites\/2\/2017\/04\/Captura-de-pantalla-2017-04-13-a-las-16.14.37.png\u00bb global_colors_info=\u00bb{}\u00bb button_one_text_size__hover_enabled=\u00bboff\u00bb button_two_text_size__hover_enabled=\u00bboff\u00bb button_one_text_color__hover_enabled=\u00bboff\u00bb button_two_text_color__hover_enabled=\u00bboff\u00bb button_one_border_width__hover_enabled=\u00bboff\u00bb button_two_border_width__hover_enabled=\u00bboff\u00bb button_one_border_color__hover_enabled=\u00bboff\u00bb button_two_border_color__hover_enabled=\u00bboff\u00bb button_one_border_radius__hover_enabled=\u00bboff\u00bb button_two_border_radius__hover_enabled=\u00bboff\u00bb button_one_letter_spacing__hover_enabled=\u00bboff\u00bb button_two_letter_spacing__hover_enabled=\u00bboff\u00bb button_one_bg_color__hover_enabled=\u00bboff\u00bb button_two_bg_color__hover_enabled=\u00bboff\u00bb][\/et_pb_fullwidth_header][\/et_pb_section][et_pb_section fb_built=\u00bb1&#8243; module_class=\u00bbpagina-seccion-contenido\u00bb _builder_version=\u00bb4.16&#8243; custom_padding=\u00bb0.3%||||false|false\u00bb top_divider_color=\u00bb#dc001b\u00bb global_colors_info=\u00bb{}\u00bb][et_pb_row column_structure=\u00bb1_3,2_3&#8243; module_class=\u00bbpagina-texto\u00bb _builder_version=\u00bb4.16&#8243; background_size=\u00bbinitial\u00bb background_position=\u00bbtop_left\u00bb background_repeat=\u00bbrepeat\u00bb custom_margin=\u00bb25px|||\u00bb custom_padding=\u00bb0||25px||false|false\u00bb global_colors_info=\u00bb{}\u00bb][et_pb_column type=\u00bb1_3&#8243; _builder_version=\u00bb4.16&#8243; custom_padding=\u00bb|||\u00bb global_colors_info=\u00bb{}\u00bb custom_padding__hover=\u00bb|||\u00bb][et_pb_blurb title=\u00bb956 261 553&#8243; url=\u00bbtel:+34956261553&#8243; use_icon=\u00bbon\u00bb font_icon=\u00bb&#xe090;||divi||400&#8243; _builder_version=\u00bb4.16&#8243; header_font_size=\u00bb28px\u00bb body_font_size=\u00bb16px\u00bb text_orientation=\u00bbcenter\u00bb custom_margin=\u00bb|||\u00bb custom_padding=\u00bb25px|||\u00bb animation_style=\u00bbbounce\u00bb animation=\u00bboff\u00bb global_colors_info=\u00bb{}\u00bb]<\/p>\n<p>Recepci\u00f3n<\/p>\n<p>[\/et_pb_blurb][et_pb_text _builder_version=\u00bb4.16&#8243; header_font=\u00bb||||||||\u00bb header_2_font=\u00bbLato|300|||||||\u00bb header_2_font_size=\u00bb28px\u00bb custom_margin=\u00bb|||\u00bb custom_padding=\u00bb20px|||\u00bb global_colors_info=\u00bb{}\u00bb]<\/p>\n<h2 style=\"text-align: left;\">Contacta con Nosotros<\/h2>\n<p style=\"text-align: left;\"><em>Pinchando en el desplegable y podr\u00e1s ver su <strong>horario de atenci\u00f3n<\/strong> y acceder al <strong>formulario de contacto<\/strong>.<\/em><\/p>\n<p>[\/et_pb_text][et_pb_accordion open_toggle_text_color=\u00bb#dc001b\u00bb open_toggle_background_color=\u00bbrgba(255,255,255,0.85)\u00bb closed_toggle_text_color=\u00bb#dc001b\u00bb closed_toggle_background_color=\u00bbrgba(255,255,255,0.84)\u00bb icon_color=\u00bb#dc001b\u00bb _builder_version=\u00bb4.19.5&#8243; toggle_level=\u00bbh3&#8243; toggle_font=\u00bbLato|700|||||||\u00bb toggle_font_size=\u00bb24px\u00bb body_font=\u00bb||||||||\u00bb border_color_all=\u00bb#cccccc\u00bb box_shadow_style=\u00bbpreset3&#8243; box_shadow_color=\u00bbrgba(0,0,0,0.26)\u00bb global_colors_info=\u00bb{}\u00bb][et_pb_accordion_item title=\u00bbRecepci\u00f3n\u00bb open=\u00bbon\u00bb _builder_version=\u00bb4.19.5&#8243; background_color=\u00bbrgba(255,255,255,0.84)\u00bb background_image=\u00bbhttp:\/\/cadiz.salesianos.edu\/colegio\/wp-content\/uploads\/sites\/11\/2021\/01\/encabezado_administracion.jpg\u00bb background_blend=\u00bboverlay\u00bb global_colors_info=\u00bb{}\u00bb]<\/p>\n<h5><strong>SEPTIEMBRE &#8211; JUNIO<\/strong><\/h5>\n<p>&nbsp;<\/p>\n<p><strong>Todos los d\u00edas\u00a0<\/strong>de\u00a08:00 a 14:30 h.<\/p>\n<p>&nbsp;<\/p>\n<p>&nbsp;<\/p>\n<p><a href=\"mariadelcarmenlopez@cadiz.salesianos.edu\"><strong>mariadelcarmenlopez@cadiz.salesianos.edu<\/strong><\/a><\/p>\n<p>[\/et_pb_accordion_item][\/et_pb_accordion][\/et_pb_column][et_pb_column type=\u00bb2_3&#8243; _builder_version=\u00bb4.16&#8243; custom_padding=\u00bb|||\u00bb global_colors_info=\u00bb{}\u00bb custom_padding__hover=\u00bb|||\u00bb][et_pb_text _builder_version=\u00bb4.16&#8243; header_font=\u00bb||||||||\u00bb header_2_font=\u00bbLato|300|||||||\u00bb header_2_font_size=\u00bb28px\u00bb custom_margin=\u00bb|||\u00bb custom_padding=\u00bb25px|||\u00bb global_colors_info=\u00bb{}\u00bb]<\/p>\n<h2>PRIMEROS AUXILIOS<\/h2>\n<p>[\/et_pb_text][et_pb_text _builder_version=\u00bb4.27.5&#8243; _module_preset=\u00bbdefault\u00bb global_colors_info=\u00bb{}\u00bb]<\/p>\n<p style=\"text-align: justify;\">Te animamos a que leas detenidamente la informaci\u00f3n que a continuaci\u00f3n hemos elaborado para que el cuidado a vuestros hijos e hijas sea excelente, y la respuesta r\u00e1pida y coordinada en el caso que se requiera una intervenci\u00f3n de primeros auxilios.<\/p>\n<p>.<\/p>\n<p>[\/et_pb_text][\/et_pb_column][\/et_pb_row][\/et_pb_section]<\/p>\n","protected":false},"excerpt":{"rendered":"<p>Recepci\u00f3nContacta con Nosotros Pinchando en el desplegable y podr\u00e1s ver su horario de atenci\u00f3n y acceder al formulario de contacto.SEPTIEMBRE &#8211; JUNIO &nbsp; Todos los d\u00edas\u00a0de\u00a08:00 a 14:30 h. &nbsp; &nbsp; mariadelcarmenlopez@cadiz.salesianos.eduPRIMEROS AUXILIOSTe animamos a que leas detenidamente la informaci\u00f3n que a continuaci\u00f3n hemos elaborado para que el cuidado a vuestros hijos e hijas sea [&hellip;]<\/p>\n","protected":false},"author":5,"featured_media":0,"parent":0,"menu_order":0,"comment_status":"closed","ping_status":"closed","template":"","meta":{"_et_pb_use_builder":"on","_et_pb_old_content":"","_et_gb_content_width":"","footnotes":""},"class_list":["post-4555","page","type-page","status-publish","hentry"],"yoast_head":"<!-- This site is optimized with the Yoast SEO plugin v27.4 - https:\/\/yoast.com\/product\/yoast-seo-wordpress\/ -->\n<title>salud - Colegio<\/title>\n<meta name=\"robots\" content=\"index, follow, max-snippet:-1, max-image-preview:large, max-video-preview:-1\" \/>\n<link rel=\"canonical\" href=\"https:\/\/cadiz.salesianos.edu\/colegio\/salud\/\" \/>\n<meta property=\"og:locale\" content=\"es_ES\" \/>\n<meta property=\"og:type\" content=\"article\" \/>\n<meta property=\"og:title\" content=\"salud - Colegio\" \/>\n<meta property=\"og:description\" content=\"Recepci\u00f3nContacta con Nosotros Pinchando en el desplegable y podr\u00e1s ver su horario de atenci\u00f3n y acceder al formulario de contacto.SEPTIEMBRE - JUNIO &nbsp; Todos los d\u00edas\u00a0de\u00a08:00 a 14:30 h. &nbsp; &nbsp; mariadelcarmenlopez@cadiz.salesianos.eduPRIMEROS AUXILIOSTe animamos a que leas detenidamente la informaci\u00f3n que a continuaci\u00f3n hemos elaborado para que el cuidado a vuestros hijos e hijas sea [&hellip;]\" \/>\n<meta property=\"og:url\" content=\"https:\/\/cadiz.salesianos.edu\/colegio\/salud\/\" \/>\n<meta property=\"og:site_name\" content=\"Colegio\" \/>\n<meta property=\"article:modified_time\" content=\"2026-04-09T16:44:50+00:00\" \/>\n<meta name=\"twitter:card\" content=\"summary_large_image\" \/>\n<meta name=\"twitter:label1\" content=\"Tiempo de lectura\" \/>\n\t<meta name=\"twitter:data1\" content=\"1 minuto\" \/>\n<script type=\"application\/ld+json\" class=\"yoast-schema-graph\">{\"@context\":\"https:\\\/\\\/schema.org\",\"@graph\":[{\"@type\":\"WebPage\",\"@id\":\"https:\\\/\\\/cadiz.salesianos.edu\\\/colegio\\\/salud\\\/\",\"url\":\"https:\\\/\\\/cadiz.salesianos.edu\\\/colegio\\\/salud\\\/\",\"name\":\"salud - Colegio\",\"isPartOf\":{\"@id\":\"https:\\\/\\\/cadiz.salesianos.edu\\\/colegio\\\/#website\"},\"datePublished\":\"2021-02-11T19:21:31+00:00\",\"dateModified\":\"2026-04-09T16:44:50+00:00\",\"breadcrumb\":{\"@id\":\"https:\\\/\\\/cadiz.salesianos.edu\\\/colegio\\\/salud\\\/#breadcrumb\"},\"inLanguage\":\"es\",\"potentialAction\":[{\"@type\":\"ReadAction\",\"target\":[\"https:\\\/\\\/cadiz.salesianos.edu\\\/colegio\\\/salud\\\/\"]}]},{\"@type\":\"BreadcrumbList\",\"@id\":\"https:\\\/\\\/cadiz.salesianos.edu\\\/colegio\\\/salud\\\/#breadcrumb\",\"itemListElement\":[{\"@type\":\"ListItem\",\"position\":1,\"name\":\"Portada\",\"item\":\"https:\\\/\\\/cadiz.salesianos.edu\\\/colegio\\\/\"},{\"@type\":\"ListItem\",\"position\":2,\"name\":\"salud\"}]},{\"@type\":\"WebSite\",\"@id\":\"https:\\\/\\\/cadiz.salesianos.edu\\\/colegio\\\/#website\",\"url\":\"https:\\\/\\\/cadiz.salesianos.edu\\\/colegio\\\/\",\"name\":\"Colegio\",\"description\":\"P\u00e1gina oficial Salesianos C\u00e1diz\",\"potentialAction\":[{\"@type\":\"SearchAction\",\"target\":{\"@type\":\"EntryPoint\",\"urlTemplate\":\"https:\\\/\\\/cadiz.salesianos.edu\\\/colegio\\\/?s={search_term_string}\"},\"query-input\":{\"@type\":\"PropertyValueSpecification\",\"valueRequired\":true,\"valueName\":\"search_term_string\"}}],\"inLanguage\":\"es\"}]}<\/script>\n<!-- \/ Yoast SEO plugin. -->","yoast_head_json":{"title":"salud - Colegio","robots":{"index":"index","follow":"follow","max-snippet":"max-snippet:-1","max-image-preview":"max-image-preview:large","max-video-preview":"max-video-preview:-1"},"canonical":"https:\/\/cadiz.salesianos.edu\/colegio\/salud\/","og_locale":"es_ES","og_type":"article","og_title":"salud - Colegio","og_description":"Recepci\u00f3nContacta con Nosotros Pinchando en el desplegable y podr\u00e1s ver su horario de atenci\u00f3n y acceder al formulario de contacto.SEPTIEMBRE - JUNIO &nbsp; Todos los d\u00edas\u00a0de\u00a08:00 a 14:30 h. &nbsp; &nbsp; mariadelcarmenlopez@cadiz.salesianos.eduPRIMEROS AUXILIOSTe animamos a que leas detenidamente la informaci\u00f3n que a continuaci\u00f3n hemos elaborado para que el cuidado a vuestros hijos e hijas sea [&hellip;]","og_url":"https:\/\/cadiz.salesianos.edu\/colegio\/salud\/","og_site_name":"Colegio","article_modified_time":"2026-04-09T16:44:50+00:00","twitter_card":"summary_large_image","twitter_misc":{"Tiempo de lectura":"1 minuto"},"schema":{"@context":"https:\/\/schema.org","@graph":[{"@type":"WebPage","@id":"https:\/\/cadiz.salesianos.edu\/colegio\/salud\/","url":"https:\/\/cadiz.salesianos.edu\/colegio\/salud\/","name":"salud - Colegio","isPartOf":{"@id":"https:\/\/cadiz.salesianos.edu\/colegio\/#website"},"datePublished":"2021-02-11T19:21:31+00:00","dateModified":"2026-04-09T16:44:50+00:00","breadcrumb":{"@id":"https:\/\/cadiz.salesianos.edu\/colegio\/salud\/#breadcrumb"},"inLanguage":"es","potentialAction":[{"@type":"ReadAction","target":["https:\/\/cadiz.salesianos.edu\/colegio\/salud\/"]}]},{"@type":"BreadcrumbList","@id":"https:\/\/cadiz.salesianos.edu\/colegio\/salud\/#breadcrumb","itemListElement":[{"@type":"ListItem","position":1,"name":"Portada","item":"https:\/\/cadiz.salesianos.edu\/colegio\/"},{"@type":"ListItem","position":2,"name":"salud"}]},{"@type":"WebSite","@id":"https:\/\/cadiz.salesianos.edu\/colegio\/#website","url":"https:\/\/cadiz.salesianos.edu\/colegio\/","name":"Colegio","description":"P\u00e1gina oficial Salesianos C\u00e1diz","potentialAction":[{"@type":"SearchAction","target":{"@type":"EntryPoint","urlTemplate":"https:\/\/cadiz.salesianos.edu\/colegio\/?s={search_term_string}"},"query-input":{"@type":"PropertyValueSpecification","valueRequired":true,"valueName":"search_term_string"}}],"inLanguage":"es"}]}},"_links":{"self":[{"href":"https:\/\/cadiz.salesianos.edu\/colegio\/wp-json\/wp\/v2\/pages\/4555","targetHints":{"allow":["GET"]}}],"collection":[{"href":"https:\/\/cadiz.salesianos.edu\/colegio\/wp-json\/wp\/v2\/pages"}],"about":[{"href":"https:\/\/cadiz.salesianos.edu\/colegio\/wp-json\/wp\/v2\/types\/page"}],"author":[{"embeddable":true,"href":"https:\/\/cadiz.salesianos.edu\/colegio\/wp-json\/wp\/v2\/users\/5"}],"replies":[{"embeddable":true,"href":"https:\/\/cadiz.salesianos.edu\/colegio\/wp-json\/wp\/v2\/comments?post=4555"}],"version-history":[{"count":10,"href":"https:\/\/cadiz.salesianos.edu\/colegio\/wp-json\/wp\/v2\/pages\/4555\/revisions"}],"predecessor-version":[{"id":6946,"href":"https:\/\/cadiz.salesianos.edu\/colegio\/wp-json\/wp\/v2\/pages\/4555\/revisions\/6946"}],"wp:attachment":[{"href":"https:\/\/cadiz.salesianos.edu\/colegio\/wp-json\/wp\/v2\/media?parent=4555"}],"curies":[{"name":"wp","href":"https:\/\/api.w.org\/{rel}","templated":true}]}}