{"id":4461,"date":"2021-01-21T20:35:42","date_gmt":"2021-01-21T19:35:42","guid":{"rendered":"https:\/\/cadiz.salesianos.edu\/colegio\/?page_id=4461"},"modified":"2021-01-21T20:36:59","modified_gmt":"2021-01-21T19:36:59","slug":"seguroescolar","status":"publish","type":"page","link":"https:\/\/cadiz.salesianos.edu\/colegio\/seguroescolar\/","title":{"rendered":"seguroescolar"},"content":{"rendered":"<p>[et_pb_section fb_built=\u00bb1&#8243; fullwidth=\u00bbon\u00bb _builder_version=\u00bb3.22&#8243;][et_pb_fullwidth_header title=\u00bbSeguro escolar\u00bb title_font_color=\u00bb#ffffff\u00bb module_class=\u00bbpagina-imagen-cabecera\u00bb _builder_version=\u00bb3.16&#8243; title_font=\u00bbLato||||||||\u00bb title_text_color=\u00bb#ffffff\u00bb title_font_size=\u00bb40px\u00bb background_color=\u00bbrgba(255,255,255,0)\u00bb background_image=\u00bbhttp:\/\/cadiz.salesianos.edu\/colegio\/wp-content\/uploads\/sites\/11\/2021\/01\/Captura-de-pantalla-2017-04-11-a-las-19.54.21.png\u00bb background_size=\u00bbinitial\u00bb background_position=\u00bbtop_left\u00bb background_repeat=\u00bbrepeat\u00bb background_layout=\u00bblight\u00bb background_url=\u00bbhttps:\/\/alicante.salesianos.edu\/colegio\/wp-content\/uploads\/sites\/2\/2017\/05\/Captura-de-pantalla-2017-05-24-a-las-18.40.38.png\u00bb button_one_text_size__hover_enabled=\u00bboff\u00bb button_two_text_size__hover_enabled=\u00bboff\u00bb button_one_text_color__hover_enabled=\u00bboff\u00bb button_two_text_color__hover_enabled=\u00bboff\u00bb button_one_border_width__hover_enabled=\u00bboff\u00bb button_two_border_width__hover_enabled=\u00bboff\u00bb button_one_border_color__hover_enabled=\u00bboff\u00bb button_two_border_color__hover_enabled=\u00bboff\u00bb button_one_border_radius__hover_enabled=\u00bboff\u00bb button_two_border_radius__hover_enabled=\u00bboff\u00bb button_one_letter_spacing__hover_enabled=\u00bboff\u00bb button_two_letter_spacing__hover_enabled=\u00bboff\u00bb button_one_bg_color__hover_enabled=\u00bboff\u00bb button_two_bg_color__hover_enabled=\u00bboff\u00bb][\/et_pb_fullwidth_header][\/et_pb_section][et_pb_section fb_built=\u00bb1&#8243; module_class=\u00bbpagina-seccion-contenido\u00bb _builder_version=\u00bb3.22&#8243; custom_padding=\u00bb0px|0px|90px|0px\u00bb][et_pb_row module_class=\u00bbpagina-texto\u00bb _builder_version=\u00bb3.25&#8243; background_size=\u00bbinitial\u00bb background_position=\u00bbtop_left\u00bb background_repeat=\u00bbrepeat\u00bb custom_margin=\u00bb25px|||\u00bb custom_padding=\u00bb25px|0px|0px|0px\u00bb][et_pb_column type=\u00bb4_4&#8243; _builder_version=\u00bb3.25&#8243; custom_padding=\u00bb|||\u00bb custom_padding__hover=\u00bb|||\u00bb][et_pb_text _builder_version=\u00bb4.8.1&#8243; header_font=\u00bbLato|300|||||||\u00bb header_font_size=\u00bb28px\u00bb header_2_font=\u00bbLato|300|||||||\u00bb header_2_font_size=\u00bb28px\u00bb]<\/p>\n<h2>Seguro Escolar<\/h2>\n<p>[\/et_pb_text][et_pb_text _builder_version=\u00bb4.8.1&#8243; background_size=\u00bbinitial\u00bb background_position=\u00bbtop_left\u00bb background_repeat=\u00bbrepeat\u00bb transform_styles__hover_enabled=\u00bboff|desktop\u00bb transform_scale__hover=\u00bb104%|104%\u00bb transform_scale__hover_enabled=\u00bboff|desktop\u00bb transform_translate__hover_enabled=\u00bboff|desktop\u00bb transform_rotate__hover_enabled=\u00bboff|desktop\u00bb transform_skew__hover_enabled=\u00bboff|desktop\u00bb transform_origin__hover_enabled=\u00bboff|desktop\u00bb]Seg\u00fan las edades y los cursos, existen dos tipos de seguros para el alumnado de nuestro colegio: el voluntario y el obligatorio.\u00a0Si vuestro hijo\/a se encuentra\u00a0<strong>entre Infantil y 2\u00ba de la E.S.O. inclusive<\/strong>, el seguro es\u00a0<strong>voluntario, pero muy recomendable<\/strong>.\u00a0Si, en cambio, su hijo\/a es de\u00a0<strong>3\u00ba de la E.S.O. en adelante, bachillerato o formaci\u00f3n profesional<\/strong>, el seguro es\u00a0<strong>obligatorio\u00a0por normativa oficial<\/strong>.<br \/>\n[\/et_pb_text][\/et_pb_column][\/et_pb_row][et_pb_row _builder_version=\u00bb4.8.1&#8243; _module_preset=\u00bbdefault\u00bb][et_pb_column _builder_version=\u00bb4.8.1&#8243; _module_preset=\u00bbdefault\u00bb type=\u00bb4_4&#8243;][et_pb_cta title=\u00bbProcedimiento de Actuaci\u00f3n\u00bb button_url=\u00bbhttps:\/\/alicante.salesianos.edu\/colegio\/download\/informacion-sobre-el-seguro-escolar-de-accidentes-voluntario\/?wpdmdl=10713&#8243; url_new_window=\u00bbon\u00bb _builder_version=\u00bb4.8.1&#8243; header_font=\u00bbLato||||||||\u00bb header_font_size=\u00bb40px\u00bb background_enable_image=\u00bboff\u00bb background_blend=\u00bbcolor-burn\u00bb custom_button=\u00bbon\u00bb button_bg_color=\u00bb#dc001b\u00bb button_font=\u00bb||||||||\u00bb text_orientation=\u00bbjustified\u00bb border_radii=\u00bbon|10px|10px|10px|10px\u00bb box_shadow_style=\u00bbpreset3&#8243; button_text_size__hover_enabled=\u00bboff\u00bb button_one_text_size__hover_enabled=\u00bboff\u00bb button_two_text_size__hover_enabled=\u00bboff\u00bb button_text_color__hover_enabled=\u00bboff\u00bb button_one_text_color__hover_enabled=\u00bboff\u00bb button_two_text_color__hover_enabled=\u00bboff\u00bb button_border_width__hover_enabled=\u00bboff\u00bb button_one_border_width__hover_enabled=\u00bboff\u00bb button_two_border_width__hover_enabled=\u00bboff\u00bb button_border_color__hover_enabled=\u00bboff\u00bb button_one_border_color__hover_enabled=\u00bboff\u00bb button_two_border_color__hover_enabled=\u00bboff\u00bb button_border_radius__hover_enabled=\u00bboff\u00bb button_one_border_radius__hover_enabled=\u00bboff\u00bb button_two_border_radius__hover_enabled=\u00bboff\u00bb button_letter_spacing__hover_enabled=\u00bboff\u00bb button_one_letter_spacing__hover_enabled=\u00bboff\u00bb button_two_letter_spacing__hover_enabled=\u00bboff\u00bb button_bg_color__hover_enabled=\u00bboff|hover\u00bb button_one_bg_color__hover_enabled=\u00bboff\u00bb button_two_bg_color__hover_enabled=\u00bboff\u00bb button_bg_color__hover=\u00bb#c90021&#8243; button_bg_enable_color__hover=\u00bbon\u00bb transform_styles__hover_enabled=\u00bbon|hover\u00bb transform_scale__hover_enabled=\u00bbon|hover\u00bb transform_translate__hover_enabled=\u00bbon|desktop\u00bb transform_rotate__hover_enabled=\u00bbon|desktop\u00bb transform_skew__hover_enabled=\u00bbon|desktop\u00bb transform_origin__hover_enabled=\u00bbon|desktop\u00bb transform_scale__hover=\u00bb104%|104%\u00bb]<\/p>\n<p>En circunstancias ordinarias, llamaremos a la enfermera para notificar el accidente o dolencia del alumnado. Ser\u00e1 la enfermera la que seg\u00fan los s\u00edntomas valore las medidas que hemos de tomar con el alumno\/a. All\u00ed mismo, si fuera necesario, rellenar\u00e1n el\u00a0<strong>parte de accidente<\/strong>\u00a0que se deber\u00e1 presentar en el centro de atenci\u00f3n correspondiente.<\/p>\n<p>&nbsp;<\/p>\n<p>La enfermera del centro\u00a0se pondr\u00e1 en contacto con la familia para que recojan al alumno\/a accidentado\/a y le indicar\u00e1 el proceso a seguir y la documentaci\u00f3n necesaria que deben presentar en los servicios de urgencias.<\/p>\n<p>&nbsp;<\/p>\n<p>No podemos llevar a los alumnos a los servicios de urgencias si se ha producido un accidente dentro del horario escolar sin que la enfermera tenga conocimiento de ello y haya cumplimentado la documentaci\u00f3n pertinente, si no es as\u00ed, el centro de salud, emitir\u00e1 una factura que deber\u00e1n abonar los familiares, por lo que es important\u00edsimo que si un alumno tiene un problema se pongan en contacto con la enfermera del centro para realizar la gesti\u00f3n de la mejor manera posible.<\/p>\n<p>[\/et_pb_cta][\/et_pb_column][\/et_pb_row][\/et_pb_section]<\/p>\n","protected":false},"excerpt":{"rendered":"<p>Seguro Escolar Seg\u00fan las edades y los cursos, existen dos tipos de seguros para el alumnado de nuestro colegio: el voluntario y el obligatorio.\u00a0Si vuestro hijo\/a se encuentra\u00a0entre Infantil y 2\u00ba de la E.S.O. inclusive, el seguro es\u00a0voluntario, pero muy recomendable.\u00a0Si, en cambio, su hijo\/a es de\u00a03\u00ba de la E.S.O. en adelante, bachillerato o formaci\u00f3n [&hellip;]<\/p>\n","protected":false},"author":5,"featured_media":0,"parent":0,"menu_order":0,"comment_status":"closed","ping_status":"closed","template":"","meta":{"_et_pb_use_builder":"on","_et_pb_old_content":"","_et_gb_content_width":"","footnotes":""},"class_list":["post-4461","page","type-page","status-publish","hentry"],"yoast_head":"<!-- This site is optimized with the Yoast SEO plugin v27.4 - https:\/\/yoast.com\/product\/yoast-seo-wordpress\/ -->\n<title>seguroescolar - Colegio<\/title>\n<meta name=\"robots\" content=\"index, follow, max-snippet:-1, max-image-preview:large, max-video-preview:-1\" \/>\n<link rel=\"canonical\" href=\"https:\/\/cadiz.salesianos.edu\/colegio\/seguroescolar\/\" \/>\n<meta property=\"og:locale\" content=\"es_ES\" \/>\n<meta property=\"og:type\" content=\"article\" \/>\n<meta property=\"og:title\" content=\"seguroescolar - Colegio\" \/>\n<meta property=\"og:description\" content=\"Seguro Escolar Seg\u00fan las edades y los cursos, existen dos tipos de seguros para el alumnado de nuestro colegio: el voluntario y el obligatorio.\u00a0Si vuestro hijo\/a se encuentra\u00a0entre Infantil y 2\u00ba de la E.S.O. inclusive, el seguro es\u00a0voluntario, pero muy recomendable.\u00a0Si, en cambio, su hijo\/a es de\u00a03\u00ba de la E.S.O. en adelante, bachillerato o formaci\u00f3n [&hellip;]\" \/>\n<meta property=\"og:url\" content=\"https:\/\/cadiz.salesianos.edu\/colegio\/seguroescolar\/\" \/>\n<meta property=\"og:site_name\" content=\"Colegio\" \/>\n<meta property=\"article:modified_time\" content=\"2021-01-21T19:36:59+00:00\" \/>\n<meta name=\"twitter:card\" content=\"summary_large_image\" \/>\n<meta name=\"twitter:label1\" content=\"Tiempo de lectura\" \/>\n\t<meta name=\"twitter:data1\" content=\"4 minutos\" \/>\n<script type=\"application\/ld+json\" class=\"yoast-schema-graph\">{\"@context\":\"https:\\\/\\\/schema.org\",\"@graph\":[{\"@type\":\"WebPage\",\"@id\":\"https:\\\/\\\/cadiz.salesianos.edu\\\/colegio\\\/seguroescolar\\\/\",\"url\":\"https:\\\/\\\/cadiz.salesianos.edu\\\/colegio\\\/seguroescolar\\\/\",\"name\":\"seguroescolar - Colegio\",\"isPartOf\":{\"@id\":\"https:\\\/\\\/cadiz.salesianos.edu\\\/colegio\\\/#website\"},\"datePublished\":\"2021-01-21T19:35:42+00:00\",\"dateModified\":\"2021-01-21T19:36:59+00:00\",\"breadcrumb\":{\"@id\":\"https:\\\/\\\/cadiz.salesianos.edu\\\/colegio\\\/seguroescolar\\\/#breadcrumb\"},\"inLanguage\":\"es\",\"potentialAction\":[{\"@type\":\"ReadAction\",\"target\":[\"https:\\\/\\\/cadiz.salesianos.edu\\\/colegio\\\/seguroescolar\\\/\"]}]},{\"@type\":\"BreadcrumbList\",\"@id\":\"https:\\\/\\\/cadiz.salesianos.edu\\\/colegio\\\/seguroescolar\\\/#breadcrumb\",\"itemListElement\":[{\"@type\":\"ListItem\",\"position\":1,\"name\":\"Portada\",\"item\":\"https:\\\/\\\/cadiz.salesianos.edu\\\/colegio\\\/\"},{\"@type\":\"ListItem\",\"position\":2,\"name\":\"seguroescolar\"}]},{\"@type\":\"WebSite\",\"@id\":\"https:\\\/\\\/cadiz.salesianos.edu\\\/colegio\\\/#website\",\"url\":\"https:\\\/\\\/cadiz.salesianos.edu\\\/colegio\\\/\",\"name\":\"Colegio\",\"description\":\"P\u00e1gina oficial Salesianos C\u00e1diz\",\"potentialAction\":[{\"@type\":\"SearchAction\",\"target\":{\"@type\":\"EntryPoint\",\"urlTemplate\":\"https:\\\/\\\/cadiz.salesianos.edu\\\/colegio\\\/?s={search_term_string}\"},\"query-input\":{\"@type\":\"PropertyValueSpecification\",\"valueRequired\":true,\"valueName\":\"search_term_string\"}}],\"inLanguage\":\"es\"}]}<\/script>\n<!-- \/ Yoast SEO plugin. -->","yoast_head_json":{"title":"seguroescolar - Colegio","robots":{"index":"index","follow":"follow","max-snippet":"max-snippet:-1","max-image-preview":"max-image-preview:large","max-video-preview":"max-video-preview:-1"},"canonical":"https:\/\/cadiz.salesianos.edu\/colegio\/seguroescolar\/","og_locale":"es_ES","og_type":"article","og_title":"seguroescolar - Colegio","og_description":"Seguro Escolar Seg\u00fan las edades y los cursos, existen dos tipos de seguros para el alumnado de nuestro colegio: el voluntario y el obligatorio.\u00a0Si vuestro hijo\/a se encuentra\u00a0entre Infantil y 2\u00ba de la E.S.O. inclusive, el seguro es\u00a0voluntario, pero muy recomendable.\u00a0Si, en cambio, su hijo\/a es de\u00a03\u00ba de la E.S.O. en adelante, bachillerato o formaci\u00f3n [&hellip;]","og_url":"https:\/\/cadiz.salesianos.edu\/colegio\/seguroescolar\/","og_site_name":"Colegio","article_modified_time":"2021-01-21T19:36:59+00:00","twitter_card":"summary_large_image","twitter_misc":{"Tiempo de lectura":"4 minutos"},"schema":{"@context":"https:\/\/schema.org","@graph":[{"@type":"WebPage","@id":"https:\/\/cadiz.salesianos.edu\/colegio\/seguroescolar\/","url":"https:\/\/cadiz.salesianos.edu\/colegio\/seguroescolar\/","name":"seguroescolar - Colegio","isPartOf":{"@id":"https:\/\/cadiz.salesianos.edu\/colegio\/#website"},"datePublished":"2021-01-21T19:35:42+00:00","dateModified":"2021-01-21T19:36:59+00:00","breadcrumb":{"@id":"https:\/\/cadiz.salesianos.edu\/colegio\/seguroescolar\/#breadcrumb"},"inLanguage":"es","potentialAction":[{"@type":"ReadAction","target":["https:\/\/cadiz.salesianos.edu\/colegio\/seguroescolar\/"]}]},{"@type":"BreadcrumbList","@id":"https:\/\/cadiz.salesianos.edu\/colegio\/seguroescolar\/#breadcrumb","itemListElement":[{"@type":"ListItem","position":1,"name":"Portada","item":"https:\/\/cadiz.salesianos.edu\/colegio\/"},{"@type":"ListItem","position":2,"name":"seguroescolar"}]},{"@type":"WebSite","@id":"https:\/\/cadiz.salesianos.edu\/colegio\/#website","url":"https:\/\/cadiz.salesianos.edu\/colegio\/","name":"Colegio","description":"P\u00e1gina oficial Salesianos C\u00e1diz","potentialAction":[{"@type":"SearchAction","target":{"@type":"EntryPoint","urlTemplate":"https:\/\/cadiz.salesianos.edu\/colegio\/?s={search_term_string}"},"query-input":{"@type":"PropertyValueSpecification","valueRequired":true,"valueName":"search_term_string"}}],"inLanguage":"es"}]}},"_links":{"self":[{"href":"https:\/\/cadiz.salesianos.edu\/colegio\/wp-json\/wp\/v2\/pages\/4461","targetHints":{"allow":["GET"]}}],"collection":[{"href":"https:\/\/cadiz.salesianos.edu\/colegio\/wp-json\/wp\/v2\/pages"}],"about":[{"href":"https:\/\/cadiz.salesianos.edu\/colegio\/wp-json\/wp\/v2\/types\/page"}],"author":[{"embeddable":true,"href":"https:\/\/cadiz.salesianos.edu\/colegio\/wp-json\/wp\/v2\/users\/5"}],"replies":[{"embeddable":true,"href":"https:\/\/cadiz.salesianos.edu\/colegio\/wp-json\/wp\/v2\/comments?post=4461"}],"version-history":[{"count":6,"href":"https:\/\/cadiz.salesianos.edu\/colegio\/wp-json\/wp\/v2\/pages\/4461\/revisions"}],"predecessor-version":[{"id":4478,"href":"https:\/\/cadiz.salesianos.edu\/colegio\/wp-json\/wp\/v2\/pages\/4461\/revisions\/4478"}],"wp:attachment":[{"href":"https:\/\/cadiz.salesianos.edu\/colegio\/wp-json\/wp\/v2\/media?parent=4461"}],"curies":[{"name":"wp","href":"https:\/\/api.w.org\/{rel}","templated":true}]}}