{"id":5102,"date":"2021-05-12T10:48:33","date_gmt":"2021-05-12T08:48:33","guid":{"rendered":"https:\/\/cadiz.salesianos.edu\/clubdeportivo\/?page_id=5102"},"modified":"2021-09-13T14:42:31","modified_gmt":"2021-09-13T12:42:31","slug":"eyser","status":"publish","type":"page","link":"https:\/\/cadiz.salesianos.edu\/clubdeportivo\/eyser\/","title":{"rendered":"Eyser"},"content":{"rendered":"<p>[et_pb_section fb_built=\u00bb1&#8243; _builder_version=\u00bb4.9.4&#8243; _module_preset=\u00bbdefault\u00bb background_color=\u00bbRGBA(0,0,0,0)\u00bb background_image=\u00bbhttp:\/\/cadiz.salesianos.edu\/clubdeportivo\/wp-content\/uploads\/sites\/21\/2021\/05\/IMG_9627.jpg\u00bb background_blend=\u00bboverlay\u00bb global_colors_info=\u00bb{}\u00bb][et_pb_row column_structure=\u00bb1_2,1_2&#8243; _builder_version=\u00bb4.9.4&#8243; _module_preset=\u00bbdefault\u00bb background_enable_image=\u00bboff\u00bb global_colors_info=\u00bb{}\u00bb][et_pb_column type=\u00bb1_2&#8243; _builder_version=\u00bb4.9.4&#8243; _module_preset=\u00bbdefault\u00bb global_colors_info=\u00bb{}\u00bb][\/et_pb_column][et_pb_column type=\u00bb1_2&#8243; _builder_version=\u00bb4.9.4&#8243; _module_preset=\u00bbdefault\u00bb global_colors_info=\u00bb{}\u00bb][et_pb_image src=\u00bbhttp:\/\/cadiz.salesianos.edu\/clubdeportivo\/wp-content\/uploads\/sites\/21\/2021\/05\/TEXTOCABECERAEYSER.png\u00bb title_text=\u00bbTEXTOCABECERAEYSER\u00bb _builder_version=\u00bb4.9.4&#8243; _module_preset=\u00bbdefault\u00bb global_colors_info=\u00bb{}\u00bb][\/et_pb_image][\/et_pb_column][\/et_pb_row][\/et_pb_section][et_pb_section fb_built=\u00bb1&#8243; module_class=\u00bbpagina-seccion-contenido\u00bb _builder_version=\u00bb3.22&#8243; custom_padding=\u00bb0%|||\u00bb global_colors_info=\u00bb{}\u00bb][et_pb_row column_structure=\u00bb1_2,1_2&#8243; _builder_version=\u00bb4.7.7&#8243; _module_preset=\u00bbdefault\u00bb global_colors_info=\u00bb{}\u00bb][et_pb_column type=\u00bb1_2&#8243; _builder_version=\u00bb4.7.7&#8243; _module_preset=\u00bbdefault\u00bb global_colors_info=\u00bb{}\u00bb][et_pb_text _builder_version=\u00bb4.9.4&#8243; _module_preset=\u00bbdefault\u00bb global_colors_info=\u00bb{}\u00bb]<\/p>\n<h2><span style=\"color: #ff0000;\">M\u00e1s que un deporte\u2026<\/span><\/h2>\n<p>[\/et_pb_text][et_pb_text _builder_version=\u00bb4.9.4&#8243; _module_preset=\u00bbdefault\u00bb global_colors_info=\u00bb{}\u00bb]<\/p>\n<p>El Club Deportivo Salesianos C\u00e1diz dispone de secci\u00f3n de <strong>F\u00fatbol <\/strong><strong>desde los 6 a\u00f1os<\/strong>, buscando ofrecer una\u00a0<strong>educaci\u00f3n integral<\/strong>\u00a0para ni\u00f1os y j\u00f3venes a trav\u00e9s de este deporte y los valores de la\u00a0pedagog\u00eda salesiana.<\/p>\n<p>Estos son algunos de los objetivos que nos proponemos:<\/p>\n<div class=\"page\" title=\"Page 1\">\n<div class=\"section\">\n<div class=\"layoutArea\">\n<div class=\"column\">\n<ul>\n<li><strong>Desarrollar los fundamentos b\u00e1sicos<\/strong>, a nivel t\u00e9cnico y t\u00e1ctico, tanto de forma individual como colectiva.\u00a0<strong>Anteponer la diversi\u00f3n, la convivencia y la educaci\u00f3n sobre el resultado y el rendimiento.<\/strong><\/li>\n<li><strong>Utilizar el deporte como veh\u00edculo de trasmisi\u00f3n de valores<\/strong>, desarrollando actitudes de participaci\u00f3n, colaboraci\u00f3n, respeto, tolerancia, empat\u00eda\u2026 y utilizando el juego como herramienta.<\/li>\n<li><strong>Fomentar la convivencia e integraci\u00f3n de todos los participantes<\/strong>\u00a0como instrumento de cambio social.<\/li>\n<\/ul>\n<p>Si quieres que tu hijo\/a disfrute del F\u00fatbol en una clave educativa y de manera saludable, \u00a1este es tu club!<\/p>\n<\/div>\n<\/div>\n<\/div>\n<\/div>\n<p>[\/et_pb_text][et_pb_divider _builder_version=\u00bb4.9.4&#8243; _module_preset=\u00bbdefault\u00bb global_colors_info=\u00bb{}\u00bb][\/et_pb_divider][et_pb_testimonial author=\u00bbN\u00e9stor Hugo Nieto Villegas\u00bb job_title=\u00bbCoordinador de Equipo Eyser .\u00bb portrait_url=\u00bbhttp:\/\/cadiz.salesianos.edu\/clubdeportivo\/wp-content\/uploads\/sites\/21\/2021\/05\/WhatsApp-Image-2021-05-11-at-08.54.13.jpeg\u00bb _builder_version=\u00bb4.9.4&#8243; _module_preset=\u00bbdefault\u00bb global_colors_info=\u00bb{}\u00bb]<\/p>\n<p>Bienvenidos a la secci\u00f3n Eyser,<\/p>\n<p>Como coordinador de la secci\u00f3n Eyser del C.P. Don Bosco es un placer dirigirme a Vds. y darle la bienvenida a este ambicioso proyecto en el que, junto con mi compa\u00f1era Teresa Atero, voy a poner todo mi empe\u00f1o, ilusi\u00f3n y dedicaci\u00f3n para lograr los objetivos planteados.<\/p>\n<p>Para ello, cuento con el apoyo de la Junta Directiva y la casa salesiana de C\u00e1diz.<\/p>\n<p>Nuestros objetivos est\u00e1n puestos en la formaci\u00f3n e inclusi\u00f3n de j\u00f3venes y mayores con diversidad funcional, tanto a nivel deportivo como educativo.<\/p>\n<p>Espero poner esta experiencia, al servicio de los alumnos\/as y jugadores\/as que padezcan estas patolog\u00edas y poder contar con la ayuda de las familias para que este Club y esta escuela sean un modelo y referencia en nuestra ciudad.<\/p>\n<p>[\/et_pb_testimonial][\/et_pb_column][et_pb_column type=\u00bb1_2&#8243; _builder_version=\u00bb4.7.7&#8243; _module_preset=\u00bbdefault\u00bb global_colors_info=\u00bb{}\u00bb][et_pb_blurb use_icon=\u00bbon\u00bb font_icon=\u00bb%%81%%\u00bb icon_placement=\u00bbleft\u00bb _builder_version=\u00bb4.9.4&#8243; _module_preset=\u00bbdefault\u00bb global_colors_info=\u00bb{}\u00bb]<\/p>\n<h1><span style=\"color: #ff0000;\">Categor\u00edas<\/span><\/h1>\n<p><em>Aqu\u00ed podr\u00e1s consultar los horarios, lugar de entrenamiento y precio de cada categor\u00eda<\/em><\/p>\n<p>[\/et_pb_blurb][et_pb_accordion _builder_version=\u00bb4.9.4&#8243; _module_preset=\u00bbdefault\u00bb box_shadow_style=\u00bbpreset2&#8243; locked=\u00bboff\u00bb global_colors_info=\u00bb{}\u00bb][et_pb_accordion_item title=\u00bbHORARIO:\u00bb open=\u00bbon\u00bb open_toggle_text_color=\u00bb#E02B20&#8243; _builder_version=\u00bb4.9.4&#8243; _module_preset=\u00bbdefault\u00bb global_colors_info=\u00bb{}\u00bb toggle_text_color=\u00bb#E02B20&#8243; toggle_level=\u00bbh5&#8243; toggle_font=\u00bb|700|||||||\u00bb toggle_font_size=\u00bb20px\u00bb]<\/p>\n<p>Lunes y mi\u00e9rcoles de 17:40 a 19:00<\/p>\n<p>[\/et_pb_accordion_item][\/et_pb_accordion][et_pb_image src=\u00bbhttp:\/\/cadiz.salesianos.edu\/clubdeportivo\/wp-content\/uploads\/sites\/21\/2021\/05\/IMG_9630.jpg\u00bb title_text=\u00bbIMG_9630&#8243; _builder_version=\u00bb4.9.4&#8243; _module_preset=\u00bbdefault\u00bb box_shadow_style=\u00bbpreset2&#8243; global_colors_info=\u00bb{}\u00bb][\/et_pb_image][et_pb_text _builder_version=\u00bb4.9.4&#8243; _module_preset=\u00bbdefault\u00bb global_colors_info=\u00bb{}\u00bb]<\/p>\n<h2><span style=\"color: #ff0000;\">Responsables<\/span><\/h2>\n<p>[\/et_pb_text][et_pb_testimonial portrait_url=\u00bbhttp:\/\/cadiz.salesianos.edu\/clubdeportivo\/wp-content\/uploads\/sites\/21\/2021\/05\/WhatsApp-Image-2021-05-11-at-08.54.13.jpeg\u00bb quote_icon=\u00bboff\u00bb portrait_width=\u00bb150px\u00bb portrait_height=\u00bb150px\u00bb _builder_version=\u00bb4.9.4&#8243; body_font=\u00bbLato|300|||||||\u00bb background_color=\u00bb#ffffff\u00bb text_orientation=\u00bbcenter\u00bb custom_margin=\u00bb||-20px|\u00bb custom_padding=\u00bb10px||0px|\u00bb child_filter_brightness=\u00bb106%\u00bb link_option_url=\u00bbmailto:emilioperez@salesianos.edu\u00bb border_color_all_portrait=\u00bb#51626f\u00bb box_shadow_style_image=\u00bbpreset6&#8243; global_colors_info=\u00bb{}\u00bb]<\/p>\n<h2 style=\"text-align: center;\">N\u00e9stor Hugo Nieto Villegas<\/h2>\n<p style=\"text-align: center;\">Coordinador Equipo Eyserl<\/p>\n<p>[\/et_pb_testimonial][\/et_pb_column][\/et_pb_row][et_pb_row _builder_version=\u00bb4.9.4&#8243; _module_preset=\u00bbdefault\u00bb global_colors_info=\u00bb{}\u00bb][et_pb_column type=\u00bb4_4&#8243; _builder_version=\u00bb4.7.7&#8243; _module_preset=\u00bbdefault\u00bb global_colors_info=\u00bb{}\u00bb][et_pb_button button_text=\u00bbNo lo Dudes Inscribete\u00bb button_alignment=\u00bbcenter\u00bb _builder_version=\u00bb4.10.7&#8243; _module_preset=\u00bbdefault\u00bb custom_button=\u00bbon\u00bb button_text_color=\u00bb#FFFFFF\u00bb button_bg_color=\u00bb#E02B20&#8243; button_border_radius=\u00bb100px\u00bb animation_style=\u00bbfade\u00bb hover_enabled=\u00bb0&#8243; box_shadow_style=\u00bbpreset2&#8243; global_colors_info=\u00bb{}\u00bb button_url=\u00bbhttps:\/\/forms.gle\/p3fY7kdfSXgZpMo5A\u00bb sticky_enabled=\u00bb0&#8243;][\/et_pb_button][\/et_pb_column][\/et_pb_row][\/et_pb_section][et_pb_section fb_built=\u00bb1&#8243; prev_background_color=\u00bb#ffffff\u00bb _builder_version=\u00bb3.22.3&#8243; background_color=\u00bb#efefef\u00bb custom_padding=\u00bb61px|0px|54px|0px|false|false\u00bb top_divider_style=\u00bbwave2&#8243; locked=\u00bboff\u00bb global_colors_info=\u00bb{}\u00bb][et_pb_row column_structure=\u00bb3_4,1_4&#8243; _builder_version=\u00bb3.25&#8243; custom_margin=\u00bb|||\u00bb custom_padding=\u00bb70px||||false|false\u00bb global_colors_info=\u00bb{}\u00bb][et_pb_column type=\u00bb3_4&#8243; _builder_version=\u00bb3.25&#8243; custom_padding=\u00bb|||\u00bb global_colors_info=\u00bb{}\u00bb custom_padding__hover=\u00bb|||\u00bb][et_pb_contact_form email=\u00bbdirecciontitular.cadiz@salesianos.edu\u00bb title=\u00bb\u00bfQuieres contactar con nosotros?\u00bb custom_message=\u00bb%%name%% ha enviado un mensaje a la COMUNIDAD SALESIANA desde la web:||et_pb_line_break_holder||||et_pb_line_break_holder||&#8212;&#8212;||et_pb_line_break_holder||%%message%%||et_pb_line_break_holder||&#8212;&#8212;||et_pb_line_break_holder||||et_pb_line_break_holder||Puedes responder a este correo directamente salvo que te lo hayan REENVIADO. En ese caso, tendr\u00e1s que redactar un NUEVO CORREO con la respuesta y enviarlo a %%email%%.||et_pb_line_break_holder||||et_pb_line_break_holder||Para cualquier problema o sugerencia sobre el sistema de formularios de la web envia un correo a comunicacion.alicante@salesianos.edu.\u00bb success_message=\u00bbGracias por contactar con nosotros. Te responderemos lo antes posible.\u00bb submit_button_text=\u00bbEnviar mensaje\u00bb module_id=\u00bbet_pb_contact_form_0&#8243; _builder_version=\u00bb4.9.4&#8243; form_field_background_color=\u00bb#ffffff\u00bb title_level=\u00bbh2&#8243; title_font=\u00bbLato|300|||||||\u00bb title_font_size=\u00bb30px\u00bb title_line_height=\u00bb1.2em\u00bb form_field_font=\u00bb||||||||\u00bb custom_button=\u00bbon\u00bb button_text_color=\u00bb#ffffff\u00bb button_bg_color=\u00bb#dc001b\u00bb button_border_width=\u00bb0px\u00bb button_font=\u00bb||||||||\u00bb link_option_url=\u00bbhttp:\/\/cadiz.salesianos.edu\/clubdeportivo\/wp-content\/uploads\/sites\/21\/2021\/05\/privacidad.pdf\u00bb form_background_color=\u00bb#ffffff\u00bb global_colors_info=\u00bb{}\u00bb][et_pb_contact_field field_id=\u00bbName\u00bb field_title=\u00bbNombre\u00bb _builder_version=\u00bb3.16&#8243; global_colors_info=\u00bb{}\u00bb button_text_size__hover_enabled=\u00bboff\u00bb button_one_text_size__hover_enabled=\u00bboff\u00bb button_two_text_size__hover_enabled=\u00bboff\u00bb button_text_color__hover_enabled=\u00bboff\u00bb button_one_text_color__hover_enabled=\u00bboff\u00bb button_two_text_color__hover_enabled=\u00bboff\u00bb button_border_width__hover_enabled=\u00bboff\u00bb button_one_border_width__hover_enabled=\u00bboff\u00bb button_two_border_width__hover_enabled=\u00bboff\u00bb button_border_color__hover_enabled=\u00bboff\u00bb button_one_border_color__hover_enabled=\u00bboff\u00bb button_two_border_color__hover_enabled=\u00bboff\u00bb button_border_radius__hover_enabled=\u00bboff\u00bb button_one_border_radius__hover_enabled=\u00bboff\u00bb button_two_border_radius__hover_enabled=\u00bboff\u00bb button_letter_spacing__hover_enabled=\u00bboff\u00bb button_one_letter_spacing__hover_enabled=\u00bboff\u00bb button_two_letter_spacing__hover_enabled=\u00bboff\u00bb button_bg_color__hover_enabled=\u00bboff\u00bb button_one_bg_color__hover_enabled=\u00bboff\u00bb button_two_bg_color__hover_enabled=\u00bboff\u00bb][\/et_pb_contact_field][et_pb_contact_field field_id=\u00bbEmail\u00bb field_title=\u00bbDirecci\u00f3n de correo electr\u00f3nico\u00bb field_type=\u00bbemail\u00bb _builder_version=\u00bb3.16&#8243; global_colors_info=\u00bb{}\u00bb button_text_size__hover_enabled=\u00bboff\u00bb button_one_text_size__hover_enabled=\u00bboff\u00bb button_two_text_size__hover_enabled=\u00bboff\u00bb button_text_color__hover_enabled=\u00bboff\u00bb button_one_text_color__hover_enabled=\u00bboff\u00bb button_two_text_color__hover_enabled=\u00bboff\u00bb button_border_width__hover_enabled=\u00bboff\u00bb button_one_border_width__hover_enabled=\u00bboff\u00bb button_two_border_width__hover_enabled=\u00bboff\u00bb button_border_color__hover_enabled=\u00bboff\u00bb button_one_border_color__hover_enabled=\u00bboff\u00bb button_two_border_color__hover_enabled=\u00bboff\u00bb button_border_radius__hover_enabled=\u00bboff\u00bb button_one_border_radius__hover_enabled=\u00bboff\u00bb button_two_border_radius__hover_enabled=\u00bboff\u00bb button_letter_spacing__hover_enabled=\u00bboff\u00bb button_one_letter_spacing__hover_enabled=\u00bboff\u00bb button_two_letter_spacing__hover_enabled=\u00bboff\u00bb button_bg_color__hover_enabled=\u00bboff\u00bb button_one_bg_color__hover_enabled=\u00bboff\u00bb button_two_bg_color__hover_enabled=\u00bboff\u00bb][\/et_pb_contact_field][et_pb_contact_field field_id=\u00bbMessage\u00bb field_title=\u00bbMensaje\u00bb field_type=\u00bbtext\u00bb fullwidth_field=\u00bbon\u00bb _builder_version=\u00bb3.16&#8243; global_colors_info=\u00bb{}\u00bb button_text_size__hover_enabled=\u00bboff\u00bb button_one_text_size__hover_enabled=\u00bboff\u00bb button_two_text_size__hover_enabled=\u00bboff\u00bb button_text_color__hover_enabled=\u00bboff\u00bb button_one_text_color__hover_enabled=\u00bboff\u00bb button_two_text_color__hover_enabled=\u00bboff\u00bb button_border_width__hover_enabled=\u00bboff\u00bb button_one_border_width__hover_enabled=\u00bboff\u00bb button_two_border_width__hover_enabled=\u00bboff\u00bb button_border_color__hover_enabled=\u00bboff\u00bb button_one_border_color__hover_enabled=\u00bboff\u00bb button_two_border_color__hover_enabled=\u00bboff\u00bb button_border_radius__hover_enabled=\u00bboff\u00bb button_one_border_radius__hover_enabled=\u00bboff\u00bb button_two_border_radius__hover_enabled=\u00bboff\u00bb button_letter_spacing__hover_enabled=\u00bboff\u00bb button_one_letter_spacing__hover_enabled=\u00bboff\u00bb button_two_letter_spacing__hover_enabled=\u00bboff\u00bb button_bg_color__hover_enabled=\u00bboff\u00bb button_one_bg_color__hover_enabled=\u00bboff\u00bb button_two_bg_color__hover_enabled=\u00bboff\u00bb][\/et_pb_contact_field][et_pb_contact_field field_id=\u00bbPrivacidad\u00bb field_title=\u00bb \u00bb field_type=\u00bbcheckbox\u00bb checkbox_options=\u00bb%91{%22value%22:%22 Acepto la pol\u00edtica de privacidad del sitio.%22,%22checked%22:0,%22dragID%22:-1,%22link_url%22:%22https:\/\/alicante.salesianos.edu\/politica-de-privacidad%22}%93&#8243; fullwidth_field=\u00bbon\u00bb _builder_version=\u00bb4.9.4&#8243; link_option_url=\u00bbhttp:\/\/cadiz.salesianos.edu\/clubdeportivo\/wp-content\/uploads\/sites\/21\/2021\/05\/privacidad.pdf\u00bb global_colors_info=\u00bb{}\u00bb button_text_size__hover_enabled=\u00bboff\u00bb button_one_text_size__hover_enabled=\u00bboff\u00bb button_two_text_size__hover_enabled=\u00bboff\u00bb button_text_color__hover_enabled=\u00bboff\u00bb button_one_text_color__hover_enabled=\u00bboff\u00bb button_two_text_color__hover_enabled=\u00bboff\u00bb button_border_width__hover_enabled=\u00bboff\u00bb button_one_border_width__hover_enabled=\u00bboff\u00bb button_two_border_width__hover_enabled=\u00bboff\u00bb button_border_color__hover_enabled=\u00bboff\u00bb button_one_border_color__hover_enabled=\u00bboff\u00bb button_two_border_color__hover_enabled=\u00bboff\u00bb button_border_radius__hover_enabled=\u00bboff\u00bb button_one_border_radius__hover_enabled=\u00bboff\u00bb button_two_border_radius__hover_enabled=\u00bboff\u00bb button_letter_spacing__hover_enabled=\u00bboff\u00bb button_one_letter_spacing__hover_enabled=\u00bboff\u00bb button_two_letter_spacing__hover_enabled=\u00bboff\u00bb button_bg_color__hover_enabled=\u00bboff\u00bb button_one_bg_color__hover_enabled=\u00bboff\u00bb button_two_bg_color__hover_enabled=\u00bboff\u00bb][\/et_pb_contact_field][\/et_pb_contact_form][\/et_pb_column][et_pb_column type=\u00bb1_4&#8243; _builder_version=\u00bb3.25&#8243; custom_padding=\u00bb|||\u00bb global_colors_info=\u00bb{}\u00bb custom_padding__hover=\u00bb|||\u00bb][et_pb_text _builder_version=\u00bb4.9.4&#8243; header_font=\u00bb||||||||\u00bb header_2_font=\u00bbLato||||||||\u00bb header_2_font_size=\u00bb30px\u00bb background_size=\u00bbinitial\u00bb background_position=\u00bbtop_left\u00bb background_repeat=\u00bbrepeat\u00bb custom_margin=\u00bb30px||\u00bb global_colors_info=\u00bb{}\u00bb]<\/p>\n<h2 style=\"text-align: center;\">Tel\u00e9fonos<\/h2>\n<p>[\/et_pb_text][et_pb_blurb use_icon=\u00bbon\u00bb font_icon=\u00bb%%264%%\u00bb icon_placement=\u00bbleft\u00bb use_icon_font_size=\u00bbon\u00bb icon_font_size=\u00bb51px\u00bb _builder_version=\u00bb4.9.4&#8243; header_level=\u00bbh3&#8243; header_font=\u00bbLato||||\u00bb header_font_size=\u00bb18px\u00bb body_font=\u00bbLato||||\u00bb body_text_color=\u00bb#707070&#8243; body_font_size=\u00bb18px\u00bb text_orientation=\u00bbcenter\u00bb link_option_url=\u00bbcallto:965924842&#8243; global_colors_info=\u00bb{}\u00bb]<\/p>\n<p><em><strong>956 017 515<br \/><\/strong><\/em><em><strong>956 261 553<\/strong><\/em><\/p>\n<p>[\/et_pb_blurb][\/et_pb_column][\/et_pb_row][\/et_pb_section]<\/p>\n","protected":false},"excerpt":{"rendered":"<p>M\u00e1s que un deporte\u2026El Club Deportivo Salesianos C\u00e1diz dispone de secci\u00f3n de F\u00fatbol desde los 6 a\u00f1os, buscando ofrecer una\u00a0educaci\u00f3n integral\u00a0para ni\u00f1os y j\u00f3venes a trav\u00e9s de este deporte y los valores de la\u00a0pedagog\u00eda salesiana. Estos son algunos de los objetivos que nos proponemos: Desarrollar los fundamentos b\u00e1sicos, a nivel t\u00e9cnico y t\u00e1ctico, tanto de [&hellip;]<\/p>\n","protected":false},"author":5,"featured_media":0,"parent":0,"menu_order":0,"comment_status":"closed","ping_status":"closed","template":"","meta":{"_et_pb_use_builder":"on","_et_pb_old_content":"","_et_gb_content_width":"","footnotes":""},"class_list":["post-5102","page","type-page","status-publish","hentry"],"yoast_head":"<!-- This site is optimized with the Yoast SEO plugin v27.2 - https:\/\/yoast.com\/product\/yoast-seo-wordpress\/ -->\n<title>Eyser - Club Deportivo Don Bosco<\/title>\n<meta name=\"robots\" content=\"index, follow, max-snippet:-1, max-image-preview:large, max-video-preview:-1\" \/>\n<link rel=\"canonical\" href=\"https:\/\/cadiz.salesianos.edu\/clubdeportivo\/eyser\/\" \/>\n<meta property=\"og:locale\" content=\"es_ES\" \/>\n<meta property=\"og:type\" content=\"article\" \/>\n<meta property=\"og:title\" content=\"Eyser - Club Deportivo Don Bosco\" \/>\n<meta property=\"og:description\" content=\"M\u00e1s que un deporte\u2026El Club Deportivo Salesianos C\u00e1diz dispone de secci\u00f3n de F\u00fatbol desde los 6 a\u00f1os, buscando ofrecer una\u00a0educaci\u00f3n integral\u00a0para ni\u00f1os y j\u00f3venes a trav\u00e9s de este deporte y los valores de la\u00a0pedagog\u00eda salesiana. Estos son algunos de los objetivos que nos proponemos: Desarrollar los fundamentos b\u00e1sicos, a nivel t\u00e9cnico y t\u00e1ctico, tanto de [&hellip;]\" \/>\n<meta property=\"og:url\" content=\"https:\/\/cadiz.salesianos.edu\/clubdeportivo\/eyser\/\" \/>\n<meta property=\"og:site_name\" content=\"Club Deportivo Don Bosco\" \/>\n<meta property=\"article:modified_time\" content=\"2021-09-13T12:42:31+00:00\" \/>\n<meta name=\"twitter:card\" content=\"summary_large_image\" \/>\n<meta name=\"twitter:label1\" content=\"Tiempo de lectura\" \/>\n\t<meta name=\"twitter:data1\" content=\"3 minutos\" \/>\n<script type=\"application\/ld+json\" class=\"yoast-schema-graph\">{\"@context\":\"https:\/\/schema.org\",\"@graph\":[{\"@type\":\"WebPage\",\"@id\":\"https:\/\/cadiz.salesianos.edu\/clubdeportivo\/eyser\/\",\"url\":\"https:\/\/cadiz.salesianos.edu\/clubdeportivo\/eyser\/\",\"name\":\"Eyser - Club Deportivo Don Bosco\",\"isPartOf\":{\"@id\":\"https:\/\/cadiz.salesianos.edu\/clubdeportivo\/#website\"},\"datePublished\":\"2021-05-12T08:48:33+00:00\",\"dateModified\":\"2021-09-13T12:42:31+00:00\",\"breadcrumb\":{\"@id\":\"https:\/\/cadiz.salesianos.edu\/clubdeportivo\/eyser\/#breadcrumb\"},\"inLanguage\":\"es\",\"potentialAction\":[{\"@type\":\"ReadAction\",\"target\":[\"https:\/\/cadiz.salesianos.edu\/clubdeportivo\/eyser\/\"]}]},{\"@type\":\"BreadcrumbList\",\"@id\":\"https:\/\/cadiz.salesianos.edu\/clubdeportivo\/eyser\/#breadcrumb\",\"itemListElement\":[{\"@type\":\"ListItem\",\"position\":1,\"name\":\"Portada\",\"item\":\"https:\/\/cadiz.salesianos.edu\/clubdeportivo\/\"},{\"@type\":\"ListItem\",\"position\":2,\"name\":\"Eyser\"}]},{\"@type\":\"WebSite\",\"@id\":\"https:\/\/cadiz.salesianos.edu\/clubdeportivo\/#website\",\"url\":\"https:\/\/cadiz.salesianos.edu\/clubdeportivo\/\",\"name\":\"Club Deportivo Don Bosco\",\"description\":\"P\u00e1gina oficial Salesianos C\u00e1diz\",\"potentialAction\":[{\"@type\":\"SearchAction\",\"target\":{\"@type\":\"EntryPoint\",\"urlTemplate\":\"https:\/\/cadiz.salesianos.edu\/clubdeportivo\/?s={search_term_string}\"},\"query-input\":{\"@type\":\"PropertyValueSpecification\",\"valueRequired\":true,\"valueName\":\"search_term_string\"}}],\"inLanguage\":\"es\"}]}<\/script>\n<!-- \/ Yoast SEO plugin. -->","yoast_head_json":{"title":"Eyser - Club Deportivo Don Bosco","robots":{"index":"index","follow":"follow","max-snippet":"max-snippet:-1","max-image-preview":"max-image-preview:large","max-video-preview":"max-video-preview:-1"},"canonical":"https:\/\/cadiz.salesianos.edu\/clubdeportivo\/eyser\/","og_locale":"es_ES","og_type":"article","og_title":"Eyser - Club Deportivo Don Bosco","og_description":"M\u00e1s que un deporte\u2026El Club Deportivo Salesianos C\u00e1diz dispone de secci\u00f3n de F\u00fatbol desde los 6 a\u00f1os, buscando ofrecer una\u00a0educaci\u00f3n integral\u00a0para ni\u00f1os y j\u00f3venes a trav\u00e9s de este deporte y los valores de la\u00a0pedagog\u00eda salesiana. Estos son algunos de los objetivos que nos proponemos: Desarrollar los fundamentos b\u00e1sicos, a nivel t\u00e9cnico y t\u00e1ctico, tanto de [&hellip;]","og_url":"https:\/\/cadiz.salesianos.edu\/clubdeportivo\/eyser\/","og_site_name":"Club Deportivo Don Bosco","article_modified_time":"2021-09-13T12:42:31+00:00","twitter_card":"summary_large_image","twitter_misc":{"Tiempo de lectura":"3 minutos"},"schema":{"@context":"https:\/\/schema.org","@graph":[{"@type":"WebPage","@id":"https:\/\/cadiz.salesianos.edu\/clubdeportivo\/eyser\/","url":"https:\/\/cadiz.salesianos.edu\/clubdeportivo\/eyser\/","name":"Eyser - Club Deportivo Don Bosco","isPartOf":{"@id":"https:\/\/cadiz.salesianos.edu\/clubdeportivo\/#website"},"datePublished":"2021-05-12T08:48:33+00:00","dateModified":"2021-09-13T12:42:31+00:00","breadcrumb":{"@id":"https:\/\/cadiz.salesianos.edu\/clubdeportivo\/eyser\/#breadcrumb"},"inLanguage":"es","potentialAction":[{"@type":"ReadAction","target":["https:\/\/cadiz.salesianos.edu\/clubdeportivo\/eyser\/"]}]},{"@type":"BreadcrumbList","@id":"https:\/\/cadiz.salesianos.edu\/clubdeportivo\/eyser\/#breadcrumb","itemListElement":[{"@type":"ListItem","position":1,"name":"Portada","item":"https:\/\/cadiz.salesianos.edu\/clubdeportivo\/"},{"@type":"ListItem","position":2,"name":"Eyser"}]},{"@type":"WebSite","@id":"https:\/\/cadiz.salesianos.edu\/clubdeportivo\/#website","url":"https:\/\/cadiz.salesianos.edu\/clubdeportivo\/","name":"Club Deportivo Don Bosco","description":"P\u00e1gina oficial Salesianos C\u00e1diz","potentialAction":[{"@type":"SearchAction","target":{"@type":"EntryPoint","urlTemplate":"https:\/\/cadiz.salesianos.edu\/clubdeportivo\/?s={search_term_string}"},"query-input":{"@type":"PropertyValueSpecification","valueRequired":true,"valueName":"search_term_string"}}],"inLanguage":"es"}]}},"_links":{"self":[{"href":"https:\/\/cadiz.salesianos.edu\/clubdeportivo\/wp-json\/wp\/v2\/pages\/5102","targetHints":{"allow":["GET"]}}],"collection":[{"href":"https:\/\/cadiz.salesianos.edu\/clubdeportivo\/wp-json\/wp\/v2\/pages"}],"about":[{"href":"https:\/\/cadiz.salesianos.edu\/clubdeportivo\/wp-json\/wp\/v2\/types\/page"}],"author":[{"embeddable":true,"href":"https:\/\/cadiz.salesianos.edu\/clubdeportivo\/wp-json\/wp\/v2\/users\/5"}],"replies":[{"embeddable":true,"href":"https:\/\/cadiz.salesianos.edu\/clubdeportivo\/wp-json\/wp\/v2\/comments?post=5102"}],"version-history":[{"count":6,"href":"https:\/\/cadiz.salesianos.edu\/clubdeportivo\/wp-json\/wp\/v2\/pages\/5102\/revisions"}],"predecessor-version":[{"id":5154,"href":"https:\/\/cadiz.salesianos.edu\/clubdeportivo\/wp-json\/wp\/v2\/pages\/5102\/revisions\/5154"}],"wp:attachment":[{"href":"https:\/\/cadiz.salesianos.edu\/clubdeportivo\/wp-json\/wp\/v2\/media?parent=5102"}],"curies":[{"name":"wp","href":"https:\/\/api.w.org\/{rel}","templated":true}]}}